{"id":1906,"date":"2024-06-19T22:30:48","date_gmt":"2024-06-19T22:30:48","guid":{"rendered":"https:\/\/clairobscurdesign.com\/?page_id=1906"},"modified":"2025-09-08T20:18:29","modified_gmt":"2025-09-08T20:18:29","slug":"decoration-airbnb","status":"publish","type":"page","link":"https:\/\/clairobscurdesign.com\/fr\/decoration-airbnb\/","title":{"rendered":"Blog Cat\u00e9gorie D\u00e9coration Airbnb"},"content":{"rendered":"\n<div class=\"wp-block-group\"><div class=\"wp-block-group__inner-container is-layout-constrained wp-block-group-is-layout-constrained\">\n<div class=\"wp-block-cover alignfull has-parallax\" style=\"min-height:600px;aspect-ratio:unset;\"><div role=\"img\" aria-label=\"Clair Obscur Design, Un d\u00e9cor Airbnb enchanteur \u00e0 aire ouverte avec un plafond en bois, un mur en pierre naturelle, une table pour 14 personnes, un divan bas gris et une table \u00e0 caf\u00e9 en bois organique, id\u00e9al pour le home staging Airbnb, le design int\u00e9rieur Airbnb, augmenter le taux d\u2019occupation Airbnb, et optimisation Airbnb design, int\u00e9grant d\u00e9coration Airbnb, design Airbnb, location courte dur\u00e9e d\u00e9cor\u00e9e, propri\u00e9t\u00e9 locative styl\u00e9e, optimisation de location courte dur\u00e9e, d\u00e9coration moderne pour Airbnb, et am\u00e9nagement Airbnb harmonieux.\" class=\"wp-block-cover__image-background wp-image-6135 size-large has-parallax\" style=\"background-position:50% 50%;background-image:url(https:\/\/clairobscurdesign.com\/fr\/wp-content\/uploads\/2025\/08\/design-interieur-airbnb-nature-inspirante-Clair-Obscur-Design-1024x512.jpg)\"><\/div><span aria-hidden=\"true\" class=\"wp-block-cover__background has-background-dim-20 has-background-dim\" style=\"background-color:#5f5751\"><\/span><div class=\"wp-block-cover__inner-container is-layout-flow wp-block-cover-is-layout-flow\">\n<h1 class=\"wp-block-heading has-text-align-center has-white-color has-text-color has-link-color wp-elements-393f0e6fbbea17c1d7d714a75a228cb0\" style=\"font-size:70px\">D\u00e9coration Airbnb<\/h1>\n<\/div><\/div>\n<\/div><\/div>\n\n\n\n<div class=\"wp-block-columns is-layout-flex wp-container-core-columns-is-layout-9d6595d7 wp-block-columns-is-layout-flex\">\n<div class=\"wp-block-column has-background is-layout-flow wp-block-column-is-layout-flow\" style=\"background-color:#efeee5;padding-top:var(--wp--preset--spacing--80);padding-bottom:var(--wp--preset--spacing--80)\"><\/div>\n<\/div>\n\n\n\n<div class=\"wp-block-group custom-blogs crs has-background\" style=\"background-color:#efeee5\"><div class=\"wp-block-group__inner-container is-layout-constrained wp-block-group-is-layout-constrained\">\n<div class=\"wp-block-group container\"><div class=\"wp-block-group__inner-container is-layout-constrained wp-block-group-is-layout-constrained\">\n<div class=\"wp-block-group\"><div class=\"wp-block-group__inner-container is-layout-constrained wp-block-group-is-layout-constrained\"><div class=\"row\">\n            <div class=\"col-md-4 single-item\">\n                <div class=\"item\">\n                    <div class=\"thumb\"><a href=\"https:\/\/clairobscurdesign.com\/fr\/\/the-power-of-color-how-to-use-color-psychology-in-airbnb-decor\/\" target=\"_blank\"><img decoding=\"async\" src=\"https:\/\/clairobscurdesign.com\/fr\/wp-content\/uploads\/2024\/08\/7-e1723078128816.png\" alt=\"entry image\"\/><\/a><\/div>\n                    <div class=\"info\">\n\t\t\t\t\t\t<h6>mercredi 7 ao\u00fbt 2024<\/h6>\n\t\t\t\t\t\t<h4><a href=\"https:\/\/clairobscurdesign.com\/fr\/\/the-power-of-color-how-to-use-color-psychology-in-airbnb-decor\/\" target=\"_blank\">Comment utiliser la psychologie des couleurs dans la d\u00e9coration Airbnb<\/a><\/h4>\n\t\t\t\t\t\t<a class=\"blog-btn\" href=\"https:\/\/clairobscurdesign.com\/fr\/\/the-power-of-color-how-to-use-color-psychology-in-airbnb-decor\/\" target=\"_blank\">En Lire Plus<\/a>\n                    <\/div>\n                <\/div>\n            <\/div><\/div>\n\n\n\n<div style=\"height:100px\" aria-hidden=\"true\" class=\"wp-block-spacer\"><\/div>\n<\/div><\/div>\n\n\n\n<div class=\"wp-block-buttons is-layout-flex wp-block-buttons-is-layout-flex\">\n<div class=\"wp-block-button custom-btn\"><a class=\"wp-block-button__link wp-element-button\" href=\"https:\/\/clairobscurdesign.com\/fr\/blogue\/\">Retour au Blogue<\/a><\/div>\n<\/div>\n<\/div><\/div>\n<\/div><\/div>\n","protected":false},"excerpt":{"rendered":"","protected":false},"author":4,"featured_media":0,"parent":0,"menu_order":0,"comment_status":"closed","ping_status":"closed","template":"","meta":{"footnotes":""},"class_list":["post-1906","page","type-page","status-publish","hentry","entry"],"yoast_head":"<!-- This site is optimized with the Yoast SEO plugin v27.4 - https:\/\/yoast.com\/product\/yoast-seo-wordpress\/ -->\n<title>Blogue - D\u00e9coration &amp; Optimisation Airbnb design - Clair Obscur Design<\/title>\n<meta name=\"description\" content=\"Optimisez votre propri\u00e9t\u00e9 locative gr\u00e2ce au home staging ou au design int\u00e9rieur \u00e9coconscient, afin d&#039;augmenter votre taux d\u2019occupation.\" \/>\n<meta name=\"robots\" content=\"index, follow, max-snippet:-1, max-image-preview:large, max-video-preview:-1\" \/>\n<link rel=\"canonical\" href=\"https:\/\/clairobscurdesign.com\/fr\/decoration-airbnb\/\" \/>\n<meta property=\"og:locale\" content=\"en_US\" \/>\n<meta property=\"og:type\" content=\"article\" \/>\n<meta property=\"og:title\" content=\"Blogue - D\u00e9coration &amp; Optimisation Airbnb design - Clair Obscur Design\" \/>\n<meta property=\"og:description\" content=\"Optimisez votre propri\u00e9t\u00e9 locative gr\u00e2ce au home staging ou au design int\u00e9rieur \u00e9coconscient, afin d&#039;augmenter votre taux d\u2019occupation.\" \/>\n<meta property=\"og:url\" content=\"https:\/\/clairobscurdesign.com\/fr\/decoration-airbnb\/\" \/>\n<meta property=\"og:site_name\" content=\"Design clair et obscur\" \/>\n<meta property=\"article:publisher\" content=\"https:\/\/www.facebook.com\/clairobscurdesign\/\" \/>\n<meta property=\"article:modified_time\" content=\"2025-09-08T20:18:29+00:00\" \/>\n<meta name=\"twitter:card\" content=\"summary_large_image\" \/>\n<meta name=\"twitter:label1\" content=\"Est. reading time\" \/>\n\t<meta name=\"twitter:data1\" content=\"1 minute\" \/>\n<script type=\"application\/ld+json\" class=\"yoast-schema-graph\">{\"@context\":\"https:\\\/\\\/schema.org\",\"@graph\":[{\"@type\":\"WebPage\",\"@id\":\"https:\\\/\\\/clairobscurdesign.com\\\/fr\\\/decoration-airbnb\\\/\",\"url\":\"https:\\\/\\\/clairobscurdesign.com\\\/fr\\\/decoration-airbnb\\\/\",\"name\":\"Blogue - D\u00e9coration & Optimisation Airbnb design - Clair Obscur Design\",\"isPartOf\":{\"@id\":\"https:\\\/\\\/clairobscurdesign.com\\\/fr\\\/#website\"},\"datePublished\":\"2024-06-19T22:30:48+00:00\",\"dateModified\":\"2025-09-08T20:18:29+00:00\",\"description\":\"Optimisez votre propri\u00e9t\u00e9 locative gr\u00e2ce au home staging ou au design int\u00e9rieur \u00e9coconscient, afin d'augmenter votre taux d\u2019occupation.\",\"breadcrumb\":{\"@id\":\"https:\\\/\\\/clairobscurdesign.com\\\/fr\\\/decoration-airbnb\\\/#breadcrumb\"},\"inLanguage\":\"en-US\",\"potentialAction\":[{\"@type\":\"ReadAction\",\"target\":[\"https:\\\/\\\/clairobscurdesign.com\\\/fr\\\/decoration-airbnb\\\/\"]}]},{\"@type\":\"BreadcrumbList\",\"@id\":\"https:\\\/\\\/clairobscurdesign.com\\\/fr\\\/decoration-airbnb\\\/#breadcrumb\",\"itemListElement\":[{\"@type\":\"ListItem\",\"position\":1,\"name\":\"Home\",\"item\":\"https:\\\/\\\/clairobscurdesign.com\\\/fr\\\/\"},{\"@type\":\"ListItem\",\"position\":2,\"name\":\"Blog Cat\u00e9gorie D\u00e9coration Airbnb\"}]},{\"@type\":\"WebSite\",\"@id\":\"https:\\\/\\\/clairobscurdesign.com\\\/fr\\\/#website\",\"url\":\"https:\\\/\\\/clairobscurdesign.com\\\/fr\\\/\",\"name\":\"Design clair et obscur\",\"description\":\"clairobscurdesign\",\"publisher\":{\"@id\":\"https:\\\/\\\/clairobscurdesign.com\\\/fr\\\/#organization\"},\"potentialAction\":[{\"@type\":\"SearchAction\",\"target\":{\"@type\":\"EntryPoint\",\"urlTemplate\":\"https:\\\/\\\/clairobscurdesign.com\\\/fr\\\/?s={search_term_string}\"},\"query-input\":{\"@type\":\"PropertyValueSpecification\",\"valueRequired\":true,\"valueName\":\"search_term_string\"}}],\"inLanguage\":\"en-US\"},{\"@type\":\"Organization\",\"@id\":\"https:\\\/\\\/clairobscurdesign.com\\\/fr\\\/#organization\",\"name\":\"Design clair et obscur\",\"url\":\"https:\\\/\\\/clairobscurdesign.com\\\/fr\\\/\",\"logo\":{\"@type\":\"ImageObject\",\"inLanguage\":\"en-US\",\"@id\":\"https:\\\/\\\/clairobscurdesign.com\\\/fr\\\/#\\\/schema\\\/logo\\\/image\\\/\",\"url\":\"https:\\\/\\\/clairobscurdesign.com\\\/fr\\\/\\\/wp-content\\\/uploads\\\/2024\\\/03\\\/logo.png\",\"contentUrl\":\"https:\\\/\\\/clairobscurdesign.com\\\/fr\\\/\\\/wp-content\\\/uploads\\\/2024\\\/03\\\/logo.png\",\"width\":280,\"height\":77,\"caption\":\"Design clair et obscur\"},\"image\":{\"@id\":\"https:\\\/\\\/clairobscurdesign.com\\\/fr\\\/#\\\/schema\\\/logo\\\/image\\\/\"},\"sameAs\":[\"https:\\\/\\\/www.facebook.com\\\/clairobscurdesign\\\/\",\"https:\\\/\\\/ca.pinterest.com\\\/clairobscurdesign\\\/\"]}]}<\/script>\n<!-- \/ Yoast SEO plugin. -->","yoast_head_json":{"title":"Blogue - D\u00e9coration & Optimisation Airbnb design - Clair Obscur Design","description":"Optimisez votre propri\u00e9t\u00e9 locative gr\u00e2ce au home staging ou au design int\u00e9rieur \u00e9coconscient, afin d'augmenter votre taux d\u2019occupation.","robots":{"index":"index","follow":"follow","max-snippet":"max-snippet:-1","max-image-preview":"max-image-preview:large","max-video-preview":"max-video-preview:-1"},"canonical":"https:\/\/clairobscurdesign.com\/fr\/decoration-airbnb\/","og_locale":"en_US","og_type":"article","og_title":"Blogue - D\u00e9coration & Optimisation Airbnb design - Clair Obscur Design","og_description":"Optimisez votre propri\u00e9t\u00e9 locative gr\u00e2ce au home staging ou au design int\u00e9rieur \u00e9coconscient, afin d'augmenter votre taux d\u2019occupation.","og_url":"https:\/\/clairobscurdesign.com\/fr\/decoration-airbnb\/","og_site_name":"Design clair et obscur","article_publisher":"https:\/\/www.facebook.com\/clairobscurdesign\/","article_modified_time":"2025-09-08T20:18:29+00:00","twitter_card":"summary_large_image","twitter_misc":{"Est. reading time":"1 minute"},"schema":{"@context":"https:\/\/schema.org","@graph":[{"@type":"WebPage","@id":"https:\/\/clairobscurdesign.com\/fr\/decoration-airbnb\/","url":"https:\/\/clairobscurdesign.com\/fr\/decoration-airbnb\/","name":"Blogue - D\u00e9coration & Optimisation Airbnb design - Clair Obscur Design","isPartOf":{"@id":"https:\/\/clairobscurdesign.com\/fr\/#website"},"datePublished":"2024-06-19T22:30:48+00:00","dateModified":"2025-09-08T20:18:29+00:00","description":"Optimisez votre propri\u00e9t\u00e9 locative gr\u00e2ce au home staging ou au design int\u00e9rieur \u00e9coconscient, afin d'augmenter votre taux d\u2019occupation.","breadcrumb":{"@id":"https:\/\/clairobscurdesign.com\/fr\/decoration-airbnb\/#breadcrumb"},"inLanguage":"en-US","potentialAction":[{"@type":"ReadAction","target":["https:\/\/clairobscurdesign.com\/fr\/decoration-airbnb\/"]}]},{"@type":"BreadcrumbList","@id":"https:\/\/clairobscurdesign.com\/fr\/decoration-airbnb\/#breadcrumb","itemListElement":[{"@type":"ListItem","position":1,"name":"Home","item":"https:\/\/clairobscurdesign.com\/fr\/"},{"@type":"ListItem","position":2,"name":"Blog Cat\u00e9gorie D\u00e9coration Airbnb"}]},{"@type":"WebSite","@id":"https:\/\/clairobscurdesign.com\/fr\/#website","url":"https:\/\/clairobscurdesign.com\/fr\/","name":"Design clair et obscur","description":"clairobscurdesign","publisher":{"@id":"https:\/\/clairobscurdesign.com\/fr\/#organization"},"potentialAction":[{"@type":"SearchAction","target":{"@type":"EntryPoint","urlTemplate":"https:\/\/clairobscurdesign.com\/fr\/?s={search_term_string}"},"query-input":{"@type":"PropertyValueSpecification","valueRequired":true,"valueName":"search_term_string"}}],"inLanguage":"en-US"},{"@type":"Organization","@id":"https:\/\/clairobscurdesign.com\/fr\/#organization","name":"Design clair et obscur","url":"https:\/\/clairobscurdesign.com\/fr\/","logo":{"@type":"ImageObject","inLanguage":"en-US","@id":"https:\/\/clairobscurdesign.com\/fr\/#\/schema\/logo\/image\/","url":"https:\/\/clairobscurdesign.com\/fr\/\/wp-content\/uploads\/2024\/03\/logo.png","contentUrl":"https:\/\/clairobscurdesign.com\/fr\/\/wp-content\/uploads\/2024\/03\/logo.png","width":280,"height":77,"caption":"Design clair et obscur"},"image":{"@id":"https:\/\/clairobscurdesign.com\/fr\/#\/schema\/logo\/image\/"},"sameAs":["https:\/\/www.facebook.com\/clairobscurdesign\/","https:\/\/ca.pinterest.com\/clairobscurdesign\/"]}]}},"_links":{"self":[{"href":"https:\/\/clairobscurdesign.com\/fr\/wp-json\/wp\/v2\/pages\/1906","targetHints":{"allow":["GET"]}}],"collection":[{"href":"https:\/\/clairobscurdesign.com\/fr\/wp-json\/wp\/v2\/pages"}],"about":[{"href":"https:\/\/clairobscurdesign.com\/fr\/wp-json\/wp\/v2\/types\/page"}],"author":[{"embeddable":true,"href":"https:\/\/clairobscurdesign.com\/fr\/wp-json\/wp\/v2\/users\/4"}],"replies":[{"embeddable":true,"href":"https:\/\/clairobscurdesign.com\/fr\/wp-json\/wp\/v2\/comments?post=1906"}],"version-history":[{"count":51,"href":"https:\/\/clairobscurdesign.com\/fr\/wp-json\/wp\/v2\/pages\/1906\/revisions"}],"predecessor-version":[{"id":6371,"href":"https:\/\/clairobscurdesign.com\/fr\/wp-json\/wp\/v2\/pages\/1906\/revisions\/6371"}],"wp:attachment":[{"href":"https:\/\/clairobscurdesign.com\/fr\/wp-json\/wp\/v2\/media?parent=1906"}],"curies":[{"name":"wp","href":"https:\/\/api.w.org\/{rel}","templated":true}]}}