{"id":383,"date":"2023-06-14T15:24:00","date_gmt":"2023-06-14T15:24:00","guid":{"rendered":"https:\/\/dev.anaxdesigns.website\/doranstyliste\/?page_id=383"},"modified":"2025-09-08T20:18:00","modified_gmt":"2025-09-08T20:18:00","slug":"conseils-design-interieur","status":"publish","type":"page","link":"https:\/\/clairobscurdesign.com\/fr\/conseils-design-interieur\/","title":{"rendered":"Blog Cat\u00e9gorie Design D&#8217;Int\u00e9rieur Apaisant"},"content":{"rendered":"\n<div class=\"wp-block-group\"><div class=\"wp-block-group__inner-container is-layout-constrained wp-block-group-is-layout-constrained\">\n<div class=\"wp-block-cover is-light has-parallax\" style=\"min-height:600px;aspect-ratio:unset;\"><div role=\"img\" aria-label=\"Clair Obscur Design, Une chambre \u00e0 coucher organique moderne avec une table de chevet en bois, des livres, des pots de fleurs blancs, et des draps gris en lin, parfaite pour le design int\u00e9rieur, la d\u00e9coration int\u00e9rieure, le home staging, un design durable, un am\u00e9nagement petits espaces, des couleurs tendance int\u00e9rieure, une d\u00e9coration minimaliste, un budget d\u00e9coration int\u00e9rieure, et un design \u00e9coresponsable.\" class=\"wp-block-cover__image-background wp-image-6137 size-large has-parallax\" style=\"background-position:50% 50%;background-image:url(https:\/\/clairobscurdesign.com\/fr\/wp-content\/uploads\/2025\/08\/design-interieur-chambre-a-coucher-invitante-pour-lire-clair-obscur-design-1024x642.png)\"><\/div><span aria-hidden=\"true\" class=\"wp-block-cover__background has-black-background-color has-background-dim-30 has-background-dim\"><\/span><div class=\"wp-block-cover__inner-container is-layout-flow wp-block-cover-is-layout-flow\">\n<h1 class=\"wp-block-heading has-text-align-center has-white-color has-text-color has-link-color wp-elements-bf03d61785e0e317abc3105ffc8bd7f9\" style=\"font-size:70px\">Design D&#8217;Int\u00e9rieur Apaisant<\/h1>\n<\/div><\/div>\n<\/div><\/div>\n\n\n\n<div class=\"wp-block-columns is-layout-flex wp-container-core-columns-is-layout-9d6595d7 wp-block-columns-is-layout-flex\">\n<div class=\"wp-block-column has-background is-layout-flow wp-block-column-is-layout-flow\" style=\"background-color:#efeee5;padding-top:var(--wp--preset--spacing--80);padding-bottom:var(--wp--preset--spacing--80)\"><\/div>\n<\/div>\n\n\n\n<div class=\"wp-block-group custom-blogs crs has-background\" style=\"background-color:#efeee5\"><div class=\"wp-block-group__inner-container is-layout-constrained wp-block-group-is-layout-constrained\">\n<div class=\"wp-block-group container\"><div class=\"wp-block-group__inner-container is-layout-constrained wp-block-group-is-layout-constrained\">\n<div class=\"wp-block-group\"><div class=\"wp-block-group__inner-container is-layout-constrained wp-block-group-is-layout-constrained\"><div class=\"row\">\n            <div class=\"col-md-4 single-item\">\n                <div class=\"item\">\n                    <div class=\"thumb\"><a href=\"https:\/\/clairobscurdesign.com\/fr\/7-astuces-deco-pour-relooker-son-salon-sans-depenser\/\" target=\"_blank\"><img decoding=\"async\" src=\"https:\/\/clairobscurdesign.com\/fr\/wp-content\/uploads\/2025\/09\/Clair-Obscur-Design-expansive-living-room-design-with-a-modern-edge.jpg\" alt=\"entry image\"\/><\/a><\/div>\n                    <div class=\"info\">\n\t\t\t\t\t\t<h6>samedi 13 septembre 2025<\/h6>\n\t\t\t\t\t\t<h4><a href=\"https:\/\/clairobscurdesign.com\/fr\/7-astuces-deco-pour-relooker-son-salon-sans-depenser\/\" target=\"_blank\">7 astuces d\u00e9co pour relooker son salon sans d\u00e9penser<\/a><\/h4>\n\t\t\t\t\t\t<a class=\"blog-btn\" href=\"https:\/\/clairobscurdesign.com\/fr\/7-astuces-deco-pour-relooker-son-salon-sans-depenser\/\" target=\"_blank\">En Lire Plus<\/a>\n                    <\/div>\n                <\/div>\n            <\/div>\n            <div class=\"col-md-4 single-item\">\n                <div class=\"item\">\n                    <div class=\"thumb\"><a href=\"https:\/\/clairobscurdesign.com\/fr\/\/comment-integrer-le-style-de-decoration-interieur-wabi-sabi-dans-votre-maison\/\" target=\"_blank\"><img decoding=\"async\" src=\"https:\/\/clairobscurdesign.com\/fr\/wp-content\/uploads\/2025\/08\/Clair-Obscur-Design-sejour-wabisabi-elements-de-la-nature.png\" alt=\"entry image\"\/><\/a><\/div>\n                    <div class=\"info\">\n\t\t\t\t\t\t<h6>mardi 24 d\u00e9cembre 2024<\/h6>\n\t\t\t\t\t\t<h4><a href=\"https:\/\/clairobscurdesign.com\/fr\/\/comment-integrer-le-style-de-decoration-interieur-wabi-sabi-dans-votre-maison\/\" target=\"_blank\">Tendances D\u00e9coration 2025: Style Wabi-Sabi<\/a><\/h4>\n\t\t\t\t\t\t<a class=\"blog-btn\" href=\"https:\/\/clairobscurdesign.com\/fr\/\/comment-integrer-le-style-de-decoration-interieur-wabi-sabi-dans-votre-maison\/\" target=\"_blank\">En Lire Plus<\/a>\n                    <\/div>\n                <\/div>\n            <\/div>\n            <div class=\"col-md-4 single-item\">\n                <div class=\"item\">\n                    <div class=\"thumb\"><a href=\"https:\/\/clairobscurdesign.com\/fr\/\/simple-living-a-peaceful-home-through-thoughtful-interior-design\/\" target=\"_blank\"><img decoding=\"async\" src=\"https:\/\/clairobscurdesign.com\/fr\/wp-content\/uploads\/2024\/10\/vecteezy_modern-interior-lifestyle-mediterranean-in-summer-scene_25463868-scaled-1.jpg\" alt=\"entry image\"\/><\/a><\/div>\n                    <div class=\"info\">\n\t\t\t\t\t\t<h6>lundi 16 septembre 2024<\/h6>\n\t\t\t\t\t\t<h4><a href=\"https:\/\/clairobscurdesign.com\/fr\/\/simple-living-a-peaceful-home-through-thoughtful-interior-design\/\" target=\"_blank\">Vie Simple : Une Maison Paisible Gr\u00e2ce \u00e0 Une D\u00e9coration d&#8217;Int\u00e9rieur Judicieuse<\/a><\/h4>\n\t\t\t\t\t\t<a class=\"blog-btn\" href=\"https:\/\/clairobscurdesign.com\/fr\/\/simple-living-a-peaceful-home-through-thoughtful-interior-design\/\" target=\"_blank\">En Lire Plus<\/a>\n                    <\/div>\n                <\/div>\n            <\/div>\n            <div class=\"col-md-4 single-item\">\n                <div class=\"item\">\n                    <div class=\"thumb\"><a href=\"https:\/\/clairobscurdesign.com\/fr\/\/how-to-integrate-belgian-style-in-your-home\/\" target=\"_blank\"><img decoding=\"async\" src=\"https:\/\/clairobscurdesign.com\/fr\/wp-content\/uploads\/2024\/10\/vecteezy_ai-generated-a-cleaning-service-advert-showcases-homes_37280929-scaled-1.jpeg\" alt=\"entry image\"\/><\/a><\/div>\n                    <div class=\"info\">\n\t\t\t\t\t\t<h6>lundi 9 septembre 2024<\/h6>\n\t\t\t\t\t\t<h4><a href=\"https:\/\/clairobscurdesign.com\/fr\/\/how-to-integrate-belgian-style-in-your-home\/\" target=\"_blank\">Comment Int\u00e9grer le Style Belge dans votre Maison<\/a><\/h4>\n\t\t\t\t\t\t<a class=\"blog-btn\" href=\"https:\/\/clairobscurdesign.com\/fr\/\/how-to-integrate-belgian-style-in-your-home\/\" target=\"_blank\">En Lire Plus<\/a>\n                    <\/div>\n                <\/div>\n            <\/div>\n            <div class=\"col-md-4 single-item\">\n                <div class=\"item\">\n                    <div class=\"thumb\"><a href=\"https:\/\/clairobscurdesign.com\/fr\/\/top-7-ways-to-integrate-an-organic-modern-style-to-your-home\/\" target=\"_blank\"><img decoding=\"async\" src=\"https:\/\/clairobscurdesign.com\/fr\/wp-content\/uploads\/2024\/03\/8.png\" alt=\"entry image\"\/><\/a><\/div>\n                    <div class=\"info\">\n\t\t\t\t\t\t<h6>mardi 19 mars 2024<\/h6>\n\t\t\t\t\t\t<h4><a href=\"https:\/\/clairobscurdesign.com\/fr\/\/top-7-ways-to-integrate-an-organic-modern-style-to-your-home\/\" target=\"_blank\">Top 7 des fa\u00e7ons d\u2019int\u00e9grer un style organique-moderne \u00e0 votre maison<\/a><\/h4>\n\t\t\t\t\t\t<a class=\"blog-btn\" href=\"https:\/\/clairobscurdesign.com\/fr\/\/top-7-ways-to-integrate-an-organic-modern-style-to-your-home\/\" target=\"_blank\">En Lire Plus<\/a>\n                    <\/div>\n                <\/div>\n            <\/div>\n            <div class=\"col-md-4 single-item\">\n                <div class=\"item\">\n                    <div class=\"thumb\"><a href=\"https:\/\/clairobscurdesign.com\/fr\/\/elevate-your-bedroom-a-guide-to-choosing-the-perfect-throw-pillow-combination-for-a-queen-size-bed\/\" target=\"_blank\"><img decoding=\"async\" src=\"https:\/\/clairobscurdesign.com\/fr\/wp-content\/uploads\/2020\/01\/Scrapbook-Style-Apparel-Company-Discount-Instagram-Post-Template-with-Two-Images-3.png\" alt=\"entry image\"\/><\/a><\/div>\n                    <div class=\"info\">\n\t\t\t\t\t\t<h6>jeudi 15 f\u00e9vrier 2024<\/h6>\n\t\t\t\t\t\t<h4><a href=\"https:\/\/clairobscurdesign.com\/fr\/\/elevate-your-bedroom-a-guide-to-choosing-the-perfect-throw-pillow-combination-for-a-queen-size-bed\/\" target=\"_blank\">Choisissez la combinaison parfaite de coussins pour un lit queen.<\/a><\/h4>\n\t\t\t\t\t\t<a class=\"blog-btn\" href=\"https:\/\/clairobscurdesign.com\/fr\/\/elevate-your-bedroom-a-guide-to-choosing-the-perfect-throw-pillow-combination-for-a-queen-size-bed\/\" target=\"_blank\">En Lire Plus<\/a>\n                    <\/div>\n                <\/div>\n            <\/div>\n            <div class=\"col-md-4 single-item\">\n                <div class=\"item\">\n                    <div class=\"thumb\"><a href=\"https:\/\/clairobscurdesign.com\/fr\/\/top-five-ways-to-choose-the-right-window-treatment\/\r\n\" target=\"_blank\"><img decoding=\"async\" src=\"https:\/\/clairobscurdesign.com\/fr\/wp-content\/uploads\/2023\/12\/Scrapbook-Style-Apparel-Company-Discount-Instagram-Post-Template-with-Two-Images-4.png\" alt=\"entry image\"\/><\/a><\/div>\n                    <div class=\"info\">\n\t\t\t\t\t\t<h6>vendredi 15 d\u00e9cembre 2023<\/h6>\n\t\t\t\t\t\t<h4><a href=\"https:\/\/clairobscurdesign.com\/fr\/\/top-five-ways-to-choose-the-right-window-treatment\/\r\n\" target=\"_blank\">Les 5 meilleures fa\u00e7ons de choisir le bon rev\u00eatement de fen\u00eatre<\/a><\/h4>\n\t\t\t\t\t\t<a class=\"blog-btn\" href=\"https:\/\/clairobscurdesign.com\/fr\/\/top-five-ways-to-choose-the-right-window-treatment\/\r\n\" target=\"_blank\">En Lire Plus<\/a>\n                    <\/div>\n                <\/div>\n            <\/div><\/div>\n\n\n\n<div style=\"height:60px\" aria-hidden=\"true\" class=\"wp-block-spacer\"><\/div>\n<\/div><\/div>\n\n\n\n<div class=\"wp-block-buttons is-layout-flex wp-block-buttons-is-layout-flex\">\n<div class=\"wp-block-button custom-btn\"><a class=\"wp-block-button__link wp-element-button\" href=\"https:\/\/clairobscurdesign.com\/fr\/blogue\/\">Retour au Blogue<\/a><\/div>\n<\/div>\n<\/div><\/div>\n<\/div><\/div>\n","protected":false},"excerpt":{"rendered":"","protected":false},"author":4,"featured_media":0,"parent":0,"menu_order":0,"comment_status":"closed","ping_status":"closed","template":"","meta":{"footnotes":""},"class_list":["post-383","page","type-page","status-publish","hentry","entry"],"yoast_head":"<!-- This site is optimized with the Yoast SEO plugin v27.4 - https:\/\/yoast.com\/product\/yoast-seo-wordpress\/ -->\n<title>Blogue - Conseils Design Int\u00e9rieur - Clair Obscur Design<\/title>\n<meta name=\"description\" content=\"Conseils d\u00e9co : tendances d\u00e9coration et couleur, am\u00e9nagement de petits espaces et exploration des diff\u00e9rents styles de design d&#039;int\u00e9rieur.\" \/>\n<meta name=\"robots\" content=\"index, follow, max-snippet:-1, max-image-preview:large, max-video-preview:-1\" \/>\n<link rel=\"canonical\" href=\"https:\/\/clairobscurdesign.com\/fr\/conseils-design-interieur\/\" \/>\n<meta property=\"og:locale\" content=\"en_US\" \/>\n<meta property=\"og:type\" content=\"article\" \/>\n<meta property=\"og:title\" content=\"Blogue - Conseils Design Int\u00e9rieur - Clair Obscur Design\" \/>\n<meta property=\"og:description\" content=\"Conseils d\u00e9co : tendances d\u00e9coration et couleur, am\u00e9nagement de petits espaces et exploration des diff\u00e9rents styles de design d&#039;int\u00e9rieur.\" \/>\n<meta property=\"og:url\" content=\"https:\/\/clairobscurdesign.com\/fr\/conseils-design-interieur\/\" \/>\n<meta property=\"og:site_name\" content=\"Design clair et obscur\" \/>\n<meta property=\"article:publisher\" content=\"https:\/\/www.facebook.com\/clairobscurdesign\/\" \/>\n<meta property=\"article:modified_time\" content=\"2025-09-08T20:18:00+00:00\" \/>\n<meta name=\"twitter:card\" content=\"summary_large_image\" \/>\n<meta name=\"twitter:label1\" content=\"Est. reading time\" \/>\n\t<meta name=\"twitter:data1\" content=\"1 minute\" \/>\n<script type=\"application\/ld+json\" class=\"yoast-schema-graph\">{\"@context\":\"https:\\\/\\\/schema.org\",\"@graph\":[{\"@type\":\"WebPage\",\"@id\":\"https:\\\/\\\/clairobscurdesign.com\\\/fr\\\/conseils-design-interieur\\\/\",\"url\":\"https:\\\/\\\/clairobscurdesign.com\\\/fr\\\/conseils-design-interieur\\\/\",\"name\":\"Blogue - Conseils Design Int\u00e9rieur - Clair Obscur Design\",\"isPartOf\":{\"@id\":\"https:\\\/\\\/clairobscurdesign.com\\\/fr\\\/#website\"},\"datePublished\":\"2023-06-14T15:24:00+00:00\",\"dateModified\":\"2025-09-08T20:18:00+00:00\",\"description\":\"Conseils d\u00e9co : tendances d\u00e9coration et couleur, am\u00e9nagement de petits espaces et exploration des diff\u00e9rents styles de design d'int\u00e9rieur.\",\"breadcrumb\":{\"@id\":\"https:\\\/\\\/clairobscurdesign.com\\\/fr\\\/conseils-design-interieur\\\/#breadcrumb\"},\"inLanguage\":\"en-US\",\"potentialAction\":[{\"@type\":\"ReadAction\",\"target\":[\"https:\\\/\\\/clairobscurdesign.com\\\/fr\\\/conseils-design-interieur\\\/\"]}]},{\"@type\":\"BreadcrumbList\",\"@id\":\"https:\\\/\\\/clairobscurdesign.com\\\/fr\\\/conseils-design-interieur\\\/#breadcrumb\",\"itemListElement\":[{\"@type\":\"ListItem\",\"position\":1,\"name\":\"Home\",\"item\":\"https:\\\/\\\/clairobscurdesign.com\\\/fr\\\/\"},{\"@type\":\"ListItem\",\"position\":2,\"name\":\"Blog Cat\u00e9gorie Design D&#8217;Int\u00e9rieur Apaisant\"}]},{\"@type\":\"WebSite\",\"@id\":\"https:\\\/\\\/clairobscurdesign.com\\\/fr\\\/#website\",\"url\":\"https:\\\/\\\/clairobscurdesign.com\\\/fr\\\/\",\"name\":\"Design clair et obscur\",\"description\":\"clairobscurdesign\",\"publisher\":{\"@id\":\"https:\\\/\\\/clairobscurdesign.com\\\/fr\\\/#organization\"},\"potentialAction\":[{\"@type\":\"SearchAction\",\"target\":{\"@type\":\"EntryPoint\",\"urlTemplate\":\"https:\\\/\\\/clairobscurdesign.com\\\/fr\\\/?s={search_term_string}\"},\"query-input\":{\"@type\":\"PropertyValueSpecification\",\"valueRequired\":true,\"valueName\":\"search_term_string\"}}],\"inLanguage\":\"en-US\"},{\"@type\":\"Organization\",\"@id\":\"https:\\\/\\\/clairobscurdesign.com\\\/fr\\\/#organization\",\"name\":\"Design clair et obscur\",\"url\":\"https:\\\/\\\/clairobscurdesign.com\\\/fr\\\/\",\"logo\":{\"@type\":\"ImageObject\",\"inLanguage\":\"en-US\",\"@id\":\"https:\\\/\\\/clairobscurdesign.com\\\/fr\\\/#\\\/schema\\\/logo\\\/image\\\/\",\"url\":\"https:\\\/\\\/clairobscurdesign.com\\\/fr\\\/\\\/wp-content\\\/uploads\\\/2024\\\/03\\\/logo.png\",\"contentUrl\":\"https:\\\/\\\/clairobscurdesign.com\\\/fr\\\/\\\/wp-content\\\/uploads\\\/2024\\\/03\\\/logo.png\",\"width\":280,\"height\":77,\"caption\":\"Design clair et obscur\"},\"image\":{\"@id\":\"https:\\\/\\\/clairobscurdesign.com\\\/fr\\\/#\\\/schema\\\/logo\\\/image\\\/\"},\"sameAs\":[\"https:\\\/\\\/www.facebook.com\\\/clairobscurdesign\\\/\",\"https:\\\/\\\/ca.pinterest.com\\\/clairobscurdesign\\\/\"]}]}<\/script>\n<!-- \/ Yoast SEO plugin. -->","yoast_head_json":{"title":"Blogue - Conseils Design Int\u00e9rieur - Clair Obscur Design","description":"Conseils d\u00e9co : tendances d\u00e9coration et couleur, am\u00e9nagement de petits espaces et exploration des diff\u00e9rents styles de design d'int\u00e9rieur.","robots":{"index":"index","follow":"follow","max-snippet":"max-snippet:-1","max-image-preview":"max-image-preview:large","max-video-preview":"max-video-preview:-1"},"canonical":"https:\/\/clairobscurdesign.com\/fr\/conseils-design-interieur\/","og_locale":"en_US","og_type":"article","og_title":"Blogue - Conseils Design Int\u00e9rieur - Clair Obscur Design","og_description":"Conseils d\u00e9co : tendances d\u00e9coration et couleur, am\u00e9nagement de petits espaces et exploration des diff\u00e9rents styles de design d'int\u00e9rieur.","og_url":"https:\/\/clairobscurdesign.com\/fr\/conseils-design-interieur\/","og_site_name":"Design clair et obscur","article_publisher":"https:\/\/www.facebook.com\/clairobscurdesign\/","article_modified_time":"2025-09-08T20:18:00+00:00","twitter_card":"summary_large_image","twitter_misc":{"Est. reading time":"1 minute"},"schema":{"@context":"https:\/\/schema.org","@graph":[{"@type":"WebPage","@id":"https:\/\/clairobscurdesign.com\/fr\/conseils-design-interieur\/","url":"https:\/\/clairobscurdesign.com\/fr\/conseils-design-interieur\/","name":"Blogue - Conseils Design Int\u00e9rieur - Clair Obscur Design","isPartOf":{"@id":"https:\/\/clairobscurdesign.com\/fr\/#website"},"datePublished":"2023-06-14T15:24:00+00:00","dateModified":"2025-09-08T20:18:00+00:00","description":"Conseils d\u00e9co : tendances d\u00e9coration et couleur, am\u00e9nagement de petits espaces et exploration des diff\u00e9rents styles de design d'int\u00e9rieur.","breadcrumb":{"@id":"https:\/\/clairobscurdesign.com\/fr\/conseils-design-interieur\/#breadcrumb"},"inLanguage":"en-US","potentialAction":[{"@type":"ReadAction","target":["https:\/\/clairobscurdesign.com\/fr\/conseils-design-interieur\/"]}]},{"@type":"BreadcrumbList","@id":"https:\/\/clairobscurdesign.com\/fr\/conseils-design-interieur\/#breadcrumb","itemListElement":[{"@type":"ListItem","position":1,"name":"Home","item":"https:\/\/clairobscurdesign.com\/fr\/"},{"@type":"ListItem","position":2,"name":"Blog Cat\u00e9gorie Design D&#8217;Int\u00e9rieur Apaisant"}]},{"@type":"WebSite","@id":"https:\/\/clairobscurdesign.com\/fr\/#website","url":"https:\/\/clairobscurdesign.com\/fr\/","name":"Design clair et obscur","description":"clairobscurdesign","publisher":{"@id":"https:\/\/clairobscurdesign.com\/fr\/#organization"},"potentialAction":[{"@type":"SearchAction","target":{"@type":"EntryPoint","urlTemplate":"https:\/\/clairobscurdesign.com\/fr\/?s={search_term_string}"},"query-input":{"@type":"PropertyValueSpecification","valueRequired":true,"valueName":"search_term_string"}}],"inLanguage":"en-US"},{"@type":"Organization","@id":"https:\/\/clairobscurdesign.com\/fr\/#organization","name":"Design clair et obscur","url":"https:\/\/clairobscurdesign.com\/fr\/","logo":{"@type":"ImageObject","inLanguage":"en-US","@id":"https:\/\/clairobscurdesign.com\/fr\/#\/schema\/logo\/image\/","url":"https:\/\/clairobscurdesign.com\/fr\/\/wp-content\/uploads\/2024\/03\/logo.png","contentUrl":"https:\/\/clairobscurdesign.com\/fr\/\/wp-content\/uploads\/2024\/03\/logo.png","width":280,"height":77,"caption":"Design clair et obscur"},"image":{"@id":"https:\/\/clairobscurdesign.com\/fr\/#\/schema\/logo\/image\/"},"sameAs":["https:\/\/www.facebook.com\/clairobscurdesign\/","https:\/\/ca.pinterest.com\/clairobscurdesign\/"]}]}},"_links":{"self":[{"href":"https:\/\/clairobscurdesign.com\/fr\/wp-json\/wp\/v2\/pages\/383","targetHints":{"allow":["GET"]}}],"collection":[{"href":"https:\/\/clairobscurdesign.com\/fr\/wp-json\/wp\/v2\/pages"}],"about":[{"href":"https:\/\/clairobscurdesign.com\/fr\/wp-json\/wp\/v2\/types\/page"}],"author":[{"embeddable":true,"href":"https:\/\/clairobscurdesign.com\/fr\/wp-json\/wp\/v2\/users\/4"}],"replies":[{"embeddable":true,"href":"https:\/\/clairobscurdesign.com\/fr\/wp-json\/wp\/v2\/comments?post=383"}],"version-history":[{"count":67,"href":"https:\/\/clairobscurdesign.com\/fr\/wp-json\/wp\/v2\/pages\/383\/revisions"}],"predecessor-version":[{"id":6370,"href":"https:\/\/clairobscurdesign.com\/fr\/wp-json\/wp\/v2\/pages\/383\/revisions\/6370"}],"wp:attachment":[{"href":"https:\/\/clairobscurdesign.com\/fr\/wp-json\/wp\/v2\/media?parent=383"}],"curies":[{"name":"wp","href":"https:\/\/api.w.org\/{rel}","templated":true}]}}