{"id":387,"date":"2023-06-14T15:28:43","date_gmt":"2023-06-14T15:28:43","guid":{"rendered":"https:\/\/dev.anaxdesigns.website\/doranstyliste\/?page_id=387"},"modified":"2025-12-01T19:39:32","modified_gmt":"2025-12-01T19:39:32","slug":"conseils-organisation","status":"publish","type":"page","link":"https:\/\/clairobscurdesign.com\/fr\/conseils-organisation\/","title":{"rendered":"Blog Cat\u00e9gorie Organiser Avec Intention"},"content":{"rendered":"\n<div class=\"wp-block-group\"><div class=\"wp-block-group__inner-container is-layout-constrained wp-block-group-is-layout-constrained\">\n<div class=\"wp-block-cover has-parallax\" style=\"min-height:600px;aspect-ratio:unset;\"><div role=\"img\" aria-label=\"Clair Obscur Design, Un rangement de garde-robe avec des chandails et tissus en laine aux couleurs chaleureuses et des paniers en osier, parfait pour l\u2019organisation maison, rangement maison, d\u00e9sencombrement, nettoyage maison, astuce m\u00e9nage, rangement cuisine, organisation placard, nettoyage \u00e9cologique, d\u00e9sencombrement chambre, et rangement minimaliste.\" class=\"wp-block-cover__image-background wp-image-6140 size-large has-parallax\" style=\"background-position:50% 50%;background-image:url(https:\/\/clairobscurdesign.com\/fr\/wp-content\/uploads\/2025\/08\/Organisation-de-garde-robe-chandails-en-laine-Clair-Obscur-Design-1024x574.jpg)\"><\/div><span aria-hidden=\"true\" class=\"wp-block-cover__background has-black-background-color has-background-dim-10 has-background-dim\"><\/span><div class=\"wp-block-cover__inner-container is-layout-flow wp-block-cover-is-layout-flow\">\n<h2 class=\"wp-block-heading has-text-align-center has-white-color has-text-color has-link-color wp-elements-9d40386e04cef0f95dca1aeaf1c89853\" style=\"font-size:70px\">Organiser Avec Intention<\/h2>\n<\/div><\/div>\n<\/div><\/div>\n\n\n\n<div class=\"wp-block-columns is-layout-flex wp-container-core-columns-is-layout-9d6595d7 wp-block-columns-is-layout-flex\">\n<div class=\"wp-block-column has-background is-layout-flow wp-block-column-is-layout-flow\" style=\"background-color:#efeee5;padding-top:var(--wp--preset--spacing--80);padding-bottom:var(--wp--preset--spacing--80)\"><\/div>\n<\/div>\n\n\n\n<div class=\"wp-block-group custom-blogs crs has-background\" style=\"background-color:#efeee5\"><div class=\"wp-block-group__inner-container is-layout-constrained wp-block-group-is-layout-constrained\">\n<div class=\"wp-block-group container\"><div class=\"wp-block-group__inner-container is-layout-constrained wp-block-group-is-layout-constrained\">\n<div class=\"wp-block-group\"><div class=\"wp-block-group__inner-container is-layout-constrained wp-block-group-is-layout-constrained\"><div class=\"row\">\n            <div class=\"col-md-4 single-item\">\n                <div class=\"item\">\n                    <div class=\"thumb\"><a href=\"https:\/\/clairobscurdesign.com\/fr\/?p=7350&preview=true\" target=\"_blank\"><img decoding=\"async\" src=\"https:\/\/clairobscurdesign.com\/fr\/wp-content\/uploads\/2025\/10\/Clair-Obscur-Design-designer-dinterieur-virtuel-organisation-maison-desencombrement-maison-modern-kitchen-countertop-with-open-wooden-drawer.jpg\" alt=\"entry image\"\/><\/a><\/div>\n                    <div class=\"info\">\n\t\t\t\t\t\t<h6>lundi 1 d\u00e9cembre 2025<\/h6>\n\t\t\t\t\t\t<h4><a href=\"https:\/\/clairobscurdesign.com\/fr\/?p=7350&preview=true\" target=\"_blank\">L\u2019organisation maison qui change tout : des tiroirs de cuisine enfin bien pens\u00e9s<\/a><\/h4>\n\t\t\t\t\t\t<a class=\"blog-btn\" href=\"https:\/\/clairobscurdesign.com\/fr\/?p=7350&preview=true\" target=\"_blank\">En Lire Plus<\/a>\n                    <\/div>\n                <\/div>\n            <\/div>\n            <div class=\"col-md-4 single-item\">\n                <div class=\"item\">\n                    <div class=\"thumb\"><a href=\"https:\/\/clairobscurdesign.com\/fr\/desencombrer-sa-garde-robe-en-4-etapes-simples\/\" target=\"_blank\"><img decoding=\"async\" src=\"https:\/\/clairobscurdesign.com\/fr\/wp-content\/uploads\/2025\/09\/Clair-Obscur-Design-cloth-categories.jpg\" alt=\"entry image\"\/><\/a><\/div>\n                    <div class=\"info\">\n\t\t\t\t\t\t<h6>mercredi 17 septembre 2025<\/h6>\n\t\t\t\t\t\t<h4><a href=\"https:\/\/clairobscurdesign.com\/fr\/desencombrer-sa-garde-robe-en-4-etapes-simples\/\" target=\"_blank\">D\u00e9sencombrer sa garde-robe en 4 \u00e9tapes simples<\/a><\/h4>\n\t\t\t\t\t\t<a class=\"blog-btn\" href=\"https:\/\/clairobscurdesign.com\/fr\/desencombrer-sa-garde-robe-en-4-etapes-simples\/\" target=\"_blank\">En Lire Plus<\/a>\n                    <\/div>\n                <\/div>\n            <\/div>\n            <div class=\"col-md-4 single-item\">\n                <div class=\"item\">\n                    <div class=\"thumb\"><a href=\"https:\/\/clairobscurdesign.com\/fr\/\/how-to-organize-a-kids-playroom-a-fun-and-functional-guide\/\" target=\"_blank\"><img decoding=\"async\" src=\"https:\/\/clairobscurdesign.com\/fr\/wp-content\/uploads\/2024\/06\/10.png\" alt=\"entry image\"\/><\/a><\/div>\n                    <div class=\"info\">\n\t\t\t\t\t\t<h6>vendredi 14 juin 2024<\/h6>\n\t\t\t\t\t\t<h4><a href=\"https:\/\/clairobscurdesign.com\/fr\/\/how-to-organize-a-kids-playroom-a-fun-and-functional-guide\/\" target=\"_blank\">Comment organiser une salle de jeux pour enfants<\/a><\/h4>\n\t\t\t\t\t\t<a class=\"blog-btn\" href=\"https:\/\/clairobscurdesign.com\/fr\/\/how-to-organize-a-kids-playroom-a-fun-and-functional-guide\/\" target=\"_blank\">En Lire Plus<\/a>\n                    <\/div>\n                <\/div>\n            <\/div><\/div>\n\n\n\n<div style=\"height:60px\" aria-hidden=\"true\" class=\"wp-block-spacer\"><\/div>\n<\/div><\/div>\n\n\n\n<div class=\"wp-block-buttons is-layout-flex wp-block-buttons-is-layout-flex\">\n<div class=\"wp-block-button custom-btn\"><a class=\"wp-block-button__link has-text-color has-link-color wp-element-button\" href=\"https:\/\/clairobscurdesign.com\/fr\/blogue\/\" style=\"color:#302b24\">Retour au Blogue<\/a><\/div>\n<\/div>\n<\/div><\/div>\n<\/div><\/div>\n","protected":false},"excerpt":{"rendered":"","protected":false},"author":4,"featured_media":0,"parent":0,"menu_order":0,"comment_status":"closed","ping_status":"closed","template":"","meta":{"footnotes":""},"class_list":["post-387","page","type-page","status-publish","hentry","entry"],"yoast_head":"<!-- This site is optimized with the Yoast SEO plugin v27.4 - https:\/\/yoast.com\/product\/yoast-seo-wordpress\/ -->\n<title>Blogue - Conseils Organisation de Maison - Clair Obscur Design<\/title>\n<meta name=\"description\" content=\"Apprends \u00e0 ranger ta maison et garder tes syst\u00e8mes organis\u00e9s gr\u00e2ce \u00e0 des m\u00e9thodes de rangement et d\u2019organisation comme la m\u00e9thode Marie Kondo\" \/>\n<meta name=\"robots\" content=\"index, follow, max-snippet:-1, max-image-preview:large, max-video-preview:-1\" \/>\n<link rel=\"canonical\" href=\"https:\/\/clairobscurdesign.com\/fr\/conseils-organisation\/\" \/>\n<meta property=\"og:locale\" content=\"en_US\" \/>\n<meta property=\"og:type\" content=\"article\" \/>\n<meta property=\"og:title\" content=\"Blogue - Conseils Organisation de Maison - Clair Obscur Design\" \/>\n<meta property=\"og:description\" content=\"Apprends \u00e0 ranger ta maison et garder tes syst\u00e8mes organis\u00e9s gr\u00e2ce \u00e0 des m\u00e9thodes de rangement et d\u2019organisation comme la m\u00e9thode Marie Kondo\" \/>\n<meta property=\"og:url\" content=\"https:\/\/clairobscurdesign.com\/fr\/conseils-organisation\/\" \/>\n<meta property=\"og:site_name\" content=\"Design clair et obscur\" \/>\n<meta property=\"article:publisher\" content=\"https:\/\/www.facebook.com\/clairobscurdesign\/\" \/>\n<meta property=\"article:modified_time\" content=\"2025-12-01T19:39:32+00:00\" \/>\n<meta name=\"twitter:card\" content=\"summary_large_image\" \/>\n<meta name=\"twitter:label1\" content=\"Est. reading time\" \/>\n\t<meta name=\"twitter:data1\" content=\"1 minute\" \/>\n<script type=\"application\/ld+json\" class=\"yoast-schema-graph\">{\"@context\":\"https:\\\/\\\/schema.org\",\"@graph\":[{\"@type\":\"WebPage\",\"@id\":\"https:\\\/\\\/clairobscurdesign.com\\\/fr\\\/conseils-organisation\\\/\",\"url\":\"https:\\\/\\\/clairobscurdesign.com\\\/fr\\\/conseils-organisation\\\/\",\"name\":\"Blogue - Conseils Organisation de Maison - Clair Obscur Design\",\"isPartOf\":{\"@id\":\"https:\\\/\\\/clairobscurdesign.com\\\/fr\\\/#website\"},\"datePublished\":\"2023-06-14T15:28:43+00:00\",\"dateModified\":\"2025-12-01T19:39:32+00:00\",\"description\":\"Apprends \u00e0 ranger ta maison et garder tes syst\u00e8mes organis\u00e9s gr\u00e2ce \u00e0 des m\u00e9thodes de rangement et d\u2019organisation comme la m\u00e9thode Marie Kondo\",\"breadcrumb\":{\"@id\":\"https:\\\/\\\/clairobscurdesign.com\\\/fr\\\/conseils-organisation\\\/#breadcrumb\"},\"inLanguage\":\"en-US\",\"potentialAction\":[{\"@type\":\"ReadAction\",\"target\":[\"https:\\\/\\\/clairobscurdesign.com\\\/fr\\\/conseils-organisation\\\/\"]}]},{\"@type\":\"BreadcrumbList\",\"@id\":\"https:\\\/\\\/clairobscurdesign.com\\\/fr\\\/conseils-organisation\\\/#breadcrumb\",\"itemListElement\":[{\"@type\":\"ListItem\",\"position\":1,\"name\":\"Home\",\"item\":\"https:\\\/\\\/clairobscurdesign.com\\\/fr\\\/\"},{\"@type\":\"ListItem\",\"position\":2,\"name\":\"Blog Cat\u00e9gorie Organiser Avec Intention\"}]},{\"@type\":\"WebSite\",\"@id\":\"https:\\\/\\\/clairobscurdesign.com\\\/fr\\\/#website\",\"url\":\"https:\\\/\\\/clairobscurdesign.com\\\/fr\\\/\",\"name\":\"Design clair et obscur\",\"description\":\"clairobscurdesign\",\"publisher\":{\"@id\":\"https:\\\/\\\/clairobscurdesign.com\\\/fr\\\/#organization\"},\"potentialAction\":[{\"@type\":\"SearchAction\",\"target\":{\"@type\":\"EntryPoint\",\"urlTemplate\":\"https:\\\/\\\/clairobscurdesign.com\\\/fr\\\/?s={search_term_string}\"},\"query-input\":{\"@type\":\"PropertyValueSpecification\",\"valueRequired\":true,\"valueName\":\"search_term_string\"}}],\"inLanguage\":\"en-US\"},{\"@type\":\"Organization\",\"@id\":\"https:\\\/\\\/clairobscurdesign.com\\\/fr\\\/#organization\",\"name\":\"Design clair et obscur\",\"url\":\"https:\\\/\\\/clairobscurdesign.com\\\/fr\\\/\",\"logo\":{\"@type\":\"ImageObject\",\"inLanguage\":\"en-US\",\"@id\":\"https:\\\/\\\/clairobscurdesign.com\\\/fr\\\/#\\\/schema\\\/logo\\\/image\\\/\",\"url\":\"https:\\\/\\\/clairobscurdesign.com\\\/fr\\\/\\\/wp-content\\\/uploads\\\/2024\\\/03\\\/logo.png\",\"contentUrl\":\"https:\\\/\\\/clairobscurdesign.com\\\/fr\\\/\\\/wp-content\\\/uploads\\\/2024\\\/03\\\/logo.png\",\"width\":280,\"height\":77,\"caption\":\"Design clair et obscur\"},\"image\":{\"@id\":\"https:\\\/\\\/clairobscurdesign.com\\\/fr\\\/#\\\/schema\\\/logo\\\/image\\\/\"},\"sameAs\":[\"https:\\\/\\\/www.facebook.com\\\/clairobscurdesign\\\/\",\"https:\\\/\\\/ca.pinterest.com\\\/clairobscurdesign\\\/\"]}]}<\/script>\n<!-- \/ Yoast SEO plugin. -->","yoast_head_json":{"title":"Blogue - Conseils Organisation de Maison - Clair Obscur Design","description":"Apprends \u00e0 ranger ta maison et garder tes syst\u00e8mes organis\u00e9s gr\u00e2ce \u00e0 des m\u00e9thodes de rangement et d\u2019organisation comme la m\u00e9thode Marie Kondo","robots":{"index":"index","follow":"follow","max-snippet":"max-snippet:-1","max-image-preview":"max-image-preview:large","max-video-preview":"max-video-preview:-1"},"canonical":"https:\/\/clairobscurdesign.com\/fr\/conseils-organisation\/","og_locale":"en_US","og_type":"article","og_title":"Blogue - Conseils Organisation de Maison - Clair Obscur Design","og_description":"Apprends \u00e0 ranger ta maison et garder tes syst\u00e8mes organis\u00e9s gr\u00e2ce \u00e0 des m\u00e9thodes de rangement et d\u2019organisation comme la m\u00e9thode Marie Kondo","og_url":"https:\/\/clairobscurdesign.com\/fr\/conseils-organisation\/","og_site_name":"Design clair et obscur","article_publisher":"https:\/\/www.facebook.com\/clairobscurdesign\/","article_modified_time":"2025-12-01T19:39:32+00:00","twitter_card":"summary_large_image","twitter_misc":{"Est. reading time":"1 minute"},"schema":{"@context":"https:\/\/schema.org","@graph":[{"@type":"WebPage","@id":"https:\/\/clairobscurdesign.com\/fr\/conseils-organisation\/","url":"https:\/\/clairobscurdesign.com\/fr\/conseils-organisation\/","name":"Blogue - Conseils Organisation de Maison - Clair Obscur Design","isPartOf":{"@id":"https:\/\/clairobscurdesign.com\/fr\/#website"},"datePublished":"2023-06-14T15:28:43+00:00","dateModified":"2025-12-01T19:39:32+00:00","description":"Apprends \u00e0 ranger ta maison et garder tes syst\u00e8mes organis\u00e9s gr\u00e2ce \u00e0 des m\u00e9thodes de rangement et d\u2019organisation comme la m\u00e9thode Marie Kondo","breadcrumb":{"@id":"https:\/\/clairobscurdesign.com\/fr\/conseils-organisation\/#breadcrumb"},"inLanguage":"en-US","potentialAction":[{"@type":"ReadAction","target":["https:\/\/clairobscurdesign.com\/fr\/conseils-organisation\/"]}]},{"@type":"BreadcrumbList","@id":"https:\/\/clairobscurdesign.com\/fr\/conseils-organisation\/#breadcrumb","itemListElement":[{"@type":"ListItem","position":1,"name":"Home","item":"https:\/\/clairobscurdesign.com\/fr\/"},{"@type":"ListItem","position":2,"name":"Blog Cat\u00e9gorie Organiser Avec Intention"}]},{"@type":"WebSite","@id":"https:\/\/clairobscurdesign.com\/fr\/#website","url":"https:\/\/clairobscurdesign.com\/fr\/","name":"Design clair et obscur","description":"clairobscurdesign","publisher":{"@id":"https:\/\/clairobscurdesign.com\/fr\/#organization"},"potentialAction":[{"@type":"SearchAction","target":{"@type":"EntryPoint","urlTemplate":"https:\/\/clairobscurdesign.com\/fr\/?s={search_term_string}"},"query-input":{"@type":"PropertyValueSpecification","valueRequired":true,"valueName":"search_term_string"}}],"inLanguage":"en-US"},{"@type":"Organization","@id":"https:\/\/clairobscurdesign.com\/fr\/#organization","name":"Design clair et obscur","url":"https:\/\/clairobscurdesign.com\/fr\/","logo":{"@type":"ImageObject","inLanguage":"en-US","@id":"https:\/\/clairobscurdesign.com\/fr\/#\/schema\/logo\/image\/","url":"https:\/\/clairobscurdesign.com\/fr\/\/wp-content\/uploads\/2024\/03\/logo.png","contentUrl":"https:\/\/clairobscurdesign.com\/fr\/\/wp-content\/uploads\/2024\/03\/logo.png","width":280,"height":77,"caption":"Design clair et obscur"},"image":{"@id":"https:\/\/clairobscurdesign.com\/fr\/#\/schema\/logo\/image\/"},"sameAs":["https:\/\/www.facebook.com\/clairobscurdesign\/","https:\/\/ca.pinterest.com\/clairobscurdesign\/"]}]}},"_links":{"self":[{"href":"https:\/\/clairobscurdesign.com\/fr\/wp-json\/wp\/v2\/pages\/387","targetHints":{"allow":["GET"]}}],"collection":[{"href":"https:\/\/clairobscurdesign.com\/fr\/wp-json\/wp\/v2\/pages"}],"about":[{"href":"https:\/\/clairobscurdesign.com\/fr\/wp-json\/wp\/v2\/types\/page"}],"author":[{"embeddable":true,"href":"https:\/\/clairobscurdesign.com\/fr\/wp-json\/wp\/v2\/users\/4"}],"replies":[{"embeddable":true,"href":"https:\/\/clairobscurdesign.com\/fr\/wp-json\/wp\/v2\/comments?post=387"}],"version-history":[{"count":79,"href":"https:\/\/clairobscurdesign.com\/fr\/wp-json\/wp\/v2\/pages\/387\/revisions"}],"predecessor-version":[{"id":6369,"href":"https:\/\/clairobscurdesign.com\/fr\/wp-json\/wp\/v2\/pages\/387\/revisions\/6369"}],"wp:attachment":[{"href":"https:\/\/clairobscurdesign.com\/fr\/wp-json\/wp\/v2\/media?parent=387"}],"curies":[{"name":"wp","href":"https:\/\/api.w.org\/{rel}","templated":true}]}}