{"id":388,"date":"2023-06-14T15:27:34","date_gmt":"2023-06-14T15:27:34","guid":{"rendered":"https:\/\/dev.anaxdesigns.website\/doranstyliste\/?page_id=388"},"modified":"2025-12-01T19:30:07","modified_gmt":"2025-12-01T19:30:07","slug":"vivre-simplement","status":"publish","type":"page","link":"https:\/\/clairobscurdesign.com\/fr\/vivre-simplement\/","title":{"rendered":"Blog Cat\u00e9gorie Vivre Simplement Chez-Soi"},"content":{"rendered":"\n<div class=\"wp-block-group\"><div class=\"wp-block-group__inner-container is-layout-constrained wp-block-group-is-layout-constrained\">\n<div class=\"wp-block-cover is-light has-parallax is-style-default\" style=\"min-height:600px;aspect-ratio:unset;\"><div role=\"img\" aria-label=\"Clair Obscur Design, Une table en bois avec tissu en lin, vaisselle et vase en poterie, des fruits et l\u00e9gumes, et des fleurs s\u00e9ch\u00e9es sur une table, devant un mur effet chaux, illustrant le vie simple, la d\u00e9coration minimaliste, le d\u00e9sencombrement, un am\u00e9nagement durable, le slow living, le minimalisme, le design \u00e9coresponsable, la d\u00e9coration naturelle, l\u2019upcycling, et la consommation responsable.\" class=\"wp-block-cover__image-background wp-image-6143 size-large has-parallax\" style=\"background-position:50% 50%;background-image:url(https:\/\/clairobscurdesign.com\/fr\/wp-content\/uploads\/2025\/08\/table-rustic-simple-living-vases-antiques-naturels-clair-obscur-design-1024x573.jpg)\"><\/div><span aria-hidden=\"true\" class=\"wp-block-cover__background has-background-dim-0 has-background-dim\" style=\"background-color:#9f9689\"><\/span><div class=\"wp-block-cover__inner-container is-layout-flow wp-block-cover-is-layout-flow\">\n<h2 class=\"wp-block-heading has-text-align-center has-white-color has-text-color has-link-color wp-elements-926958f583fd50163c26daae0917d816\" style=\"font-size:60px\">Vivre Simplement Chez-Soi<\/h2>\n<\/div><\/div>\n<\/div><\/div>\n\n\n\n<div class=\"wp-block-columns is-layout-flex wp-container-core-columns-is-layout-9d6595d7 wp-block-columns-is-layout-flex\">\n<div class=\"wp-block-column has-background is-layout-flow wp-block-column-is-layout-flow\" style=\"background-color:#efeee5;padding-top:var(--wp--preset--spacing--80);padding-bottom:var(--wp--preset--spacing--80)\"><\/div>\n<\/div>\n\n\n\n<div class=\"wp-block-group custom-blogs crs has-background\" style=\"background-color:#efeee5\"><div class=\"wp-block-group__inner-container is-layout-constrained wp-block-group-is-layout-constrained\">\n<div class=\"wp-block-group container\"><div class=\"wp-block-group__inner-container is-layout-constrained wp-block-group-is-layout-constrained\">\n<div class=\"wp-block-group\"><div class=\"wp-block-group__inner-container is-layout-constrained wp-block-group-is-layout-constrained\"><div class=\"row\">\n            <div class=\"col-md-4 single-item\">\n                <div class=\"item\">\n                    <div class=\"thumb\"><a href=\"https:\/\/clairobscurdesign.com\/fr\/desencombrer-sa-garde-robe-en-4-etapes-simples\/\" target=\"_blank\"><img decoding=\"async\" src=\"https:\/\/clairobscurdesign.com\/fr\/wp-content\/uploads\/2025\/09\/Clair-Obscur-Design-cloth-categories.jpg\" alt=\"entry image\"\/><\/a><\/div>\n                    <div class=\"info\">\n\t\t\t\t\t\t<h6>mercredi 17 septembre 2025<\/h6>\n\t\t\t\t\t\t<h4><a href=\"https:\/\/clairobscurdesign.com\/fr\/desencombrer-sa-garde-robe-en-4-etapes-simples\/\" target=\"_blank\">D\u00e9sencombrer sa garde-robe en 4 \u00e9tapes simples<\/a><\/h4>\n\t\t\t\t\t\t<a class=\"blog-btn\" href=\"https:\/\/clairobscurdesign.com\/fr\/desencombrer-sa-garde-robe-en-4-etapes-simples\/\" target=\"_blank\">En Lire Plus<\/a>\n                    <\/div>\n                <\/div>\n            <\/div>\n            <div class=\"col-md-4 single-item\">\n                <div class=\"item\">\n                    <div class=\"thumb\"><a href=\"https:\/\/clairobscurdesign.com\/fr\/7-astuces-deco-pour-relooker-son-salon-sans-depenser\/\" target=\"_blank\"><img decoding=\"async\" src=\"https:\/\/clairobscurdesign.com\/fr\/wp-content\/uploads\/2025\/09\/Clair-Obscur-Design-expansive-living-room-design-with-a-modern-edge.jpg\" alt=\"entry image\"\/><\/a><\/div>\n                    <div class=\"info\">\n\t\t\t\t\t\t<h6>samedi 13 septembre 2025<\/h6>\n\t\t\t\t\t\t<h4><a href=\"https:\/\/clairobscurdesign.com\/fr\/7-astuces-deco-pour-relooker-son-salon-sans-depenser\/\" target=\"_blank\">7 astuces d\u00e9co pour relooker son salon sans d\u00e9penser<\/a><\/h4>\n\t\t\t\t\t\t<a class=\"blog-btn\" href=\"https:\/\/clairobscurdesign.com\/fr\/7-astuces-deco-pour-relooker-son-salon-sans-depenser\/\" target=\"_blank\">En Lire Plus<\/a>\n                    <\/div>\n                <\/div>\n            <\/div>\n            <div class=\"col-md-4 single-item\">\n                <div class=\"item\">\n                    <div class=\"thumb\"><a href=\"https:\/\/clairobscurdesign.com\/fr\/\/https-clairobscurdesign-com-fr-une-garde-robe-non-toxique-avec-un-modeste-budget\/\" target=\"_blank\"><img decoding=\"async\" src=\"https:\/\/clairobscurdesign.com\/fr\/wp-content\/uploads\/2025\/08\/Clair-Obscur-Design-Decoration-naturelle-cotton-ecologique.png\" alt=\"entry image\"\/><\/a><\/div>\n                    <div class=\"info\">\n\t\t\t\t\t\t<h6>jeudi 19 d\u00e9cembre 2024<\/h6>\n\t\t\t\t\t\t<h4><a href=\"https:\/\/clairobscurdesign.com\/fr\/\/https-clairobscurdesign-com-fr-une-garde-robe-non-toxique-avec-un-modeste-budget\/\" target=\"_blank\">Garde-robe non toxique et mode durable au Canada<\/a><\/h4>\n\t\t\t\t\t\t<a class=\"blog-btn\" href=\"https:\/\/clairobscurdesign.com\/fr\/\/https-clairobscurdesign-com-fr-une-garde-robe-non-toxique-avec-un-modeste-budget\/\" target=\"_blank\">En Lire Plus<\/a>\n                    <\/div>\n                <\/div>\n            <\/div>\n            <div class=\"col-md-4 single-item\">\n                <div class=\"item\">\n                    <div class=\"thumb\"><a href=\"https:\/\/clairobscurdesign.com\/fr\/\/simple-living-a-peaceful-home-through-thoughtful-interior-design\/\" target=\"_blank\"><img decoding=\"async\" src=\"https:\/\/clairobscurdesign.com\/fr\/wp-content\/uploads\/2024\/10\/vecteezy_modern-interior-lifestyle-mediterranean-in-summer-scene_25463868-scaled-1.jpg\" alt=\"entry image\"\/><\/a><\/div>\n                    <div class=\"info\">\n\t\t\t\t\t\t<h6>lundi 16 septembre 2024<\/h6>\n\t\t\t\t\t\t<h4><a href=\"https:\/\/clairobscurdesign.com\/fr\/\/simple-living-a-peaceful-home-through-thoughtful-interior-design\/\" target=\"_blank\">Vie Simple : Une Maison Paisible Gr\u00e2ce \u00e0 Une D\u00e9coration d&#8217;Int\u00e9rieur Judicieuse<\/a><\/h4>\n\t\t\t\t\t\t<a class=\"blog-btn\" href=\"https:\/\/clairobscurdesign.com\/fr\/\/simple-living-a-peaceful-home-through-thoughtful-interior-design\/\" target=\"_blank\">En Lire Plus<\/a>\n                    <\/div>\n                <\/div>\n            <\/div>\n            <div class=\"col-md-4 single-item\">\n                <div class=\"item\">\n                    <div class=\"thumb\"><a href=\"https:\/\/clairobscurdesign.com\/fr\/\/top-five-ways-to-keep-your-kitchen-clean\/\" target=\"_blank\"><img decoding=\"async\" src=\"https:\/\/clairobscurdesign.com\/fr\/wp-content\/uploads\/2023\/11\/Kitchen-@vickersfarms-on-Instagram.jpg\" alt=\"entry image\"\/><\/a><\/div>\n                    <div class=\"info\">\n\t\t\t\t\t\t<h6>mercredi 15 novembre 2023<\/h6>\n\t\t\t\t\t\t<h4><a href=\"https:\/\/clairobscurdesign.com\/fr\/\/top-five-ways-to-keep-your-kitchen-clean\/\" target=\"_blank\">Les 5 meilleures fa\u00e7ons de garder votre cuisine propre chaque jour<\/a><\/h4>\n\t\t\t\t\t\t<a class=\"blog-btn\" href=\"https:\/\/clairobscurdesign.com\/fr\/\/top-five-ways-to-keep-your-kitchen-clean\/\" target=\"_blank\">En Lire Plus<\/a>\n                    <\/div>\n                <\/div>\n            <\/div>\n            <div class=\"col-md-4 single-item\">\n                <div class=\"item\">\n                    <div class=\"thumb\"><a href=\"https:\/\/clairobscurdesign.com\/fr\/\/a-diy-guide-to-epoxy-marbling-your-old-countertop\/\" target=\"_blank\"><img decoding=\"async\" src=\"https:\/\/clairobscurdesign.com\/fr\/wp-content\/uploads\/2023\/10\/zc-e1718922435626.png\" alt=\"entry image\"\/><\/a><\/div>\n                    <div class=\"info\">\n\t\t\t\t\t\t<h6>dimanche 15 octobre 2023<\/h6>\n\t\t\t\t\t\t<h4><a href=\"https:\/\/clairobscurdesign.com\/fr\/\/a-diy-guide-to-epoxy-marbling-your-old-countertop\/\" target=\"_blank\">Un guide de bricolage pour marbrer \u00e0 l&#8217;\u00e9poxy votre vieux comptoir<\/a><\/h4>\n\t\t\t\t\t\t<a class=\"blog-btn\" href=\"https:\/\/clairobscurdesign.com\/fr\/\/a-diy-guide-to-epoxy-marbling-your-old-countertop\/\" target=\"_blank\">En Lire Plus<\/a>\n                    <\/div>\n                <\/div>\n            <\/div>\n            <div class=\"col-md-4 single-item\">\n                <div class=\"item\">\n                    <div class=\"thumb\"><a href=\"https:\/\/clairobscurdesign.com\/fr\/\/a-diy-guide-to-painting-and-adding-moulding-to-cabinet-doors\/\" target=\"_blank\"><img decoding=\"async\" src=\"https:\/\/clairobscurdesign.com\/fr\/wp-content\/uploads\/2023\/09\/sfdfh.png\" alt=\"entry image\"\/><\/a><\/div>\n                    <div class=\"info\">\n\t\t\t\t\t\t<h6>vendredi 15 septembre 2023<\/h6>\n\t\t\t\t\t\t<h4><a href=\"https:\/\/clairobscurdesign.com\/fr\/\/a-diy-guide-to-painting-and-adding-moulding-to-cabinet-doors\/\" target=\"_blank\">Guide De Bricolage Pour Peindre Vos Portes D&#8217;armoires De Cuisine<\/a><\/h4>\n\t\t\t\t\t\t<a class=\"blog-btn\" href=\"https:\/\/clairobscurdesign.com\/fr\/\/a-diy-guide-to-painting-and-adding-moulding-to-cabinet-doors\/\" target=\"_blank\">En Lire Plus<\/a>\n                    <\/div>\n                <\/div>\n            <\/div><\/div>\n\n\n\n<div style=\"height:60px\" aria-hidden=\"true\" class=\"wp-block-spacer\"><\/div>\n<\/div><\/div>\n\n\n\n<div class=\"wp-block-buttons is-layout-flex wp-block-buttons-is-layout-flex\">\n<div class=\"wp-block-button custom-btn\"><a class=\"wp-block-button__link has-text-color has-link-color wp-element-button\" href=\"https:\/\/clairobscurdesign.com\/fr\/blogue\/\" style=\"color:#302b24\">Retour au Blogue<\/a><\/div>\n<\/div>\n<\/div><\/div>\n<\/div><\/div>\n","protected":false},"excerpt":{"rendered":"","protected":false},"author":4,"featured_media":0,"parent":0,"menu_order":0,"comment_status":"closed","ping_status":"closed","template":"","meta":{"footnotes":""},"class_list":["post-388","page","type-page","status-publish","hentry","entry"],"yoast_head":"<!-- This site is optimized with the Yoast SEO plugin v27.4 - https:\/\/yoast.com\/product\/yoast-seo-wordpress\/ -->\n<title>Vivre Simplement Chez-Soi - Blogue - Clair Obscur Design<\/title>\n<meta name=\"description\" content=\"Conseils pour vivre simplement, d\u00e9sencombrer sa maison, adopter une d\u00e9coration minimaliste, \u00e9coresponsable, utilisant des mat\u00e9riaux naturels.\" \/>\n<meta name=\"robots\" content=\"index, follow, max-snippet:-1, max-image-preview:large, max-video-preview:-1\" \/>\n<link rel=\"canonical\" href=\"https:\/\/clairobscurdesign.com\/fr\/vivre-simplement\/\" \/>\n<meta property=\"og:locale\" content=\"en_US\" \/>\n<meta property=\"og:type\" content=\"article\" \/>\n<meta property=\"og:title\" content=\"Vivre Simplement Chez-Soi - Blogue - Clair Obscur Design\" \/>\n<meta property=\"og:description\" content=\"Conseils pour vivre simplement, d\u00e9sencombrer sa maison, adopter une d\u00e9coration minimaliste, \u00e9coresponsable, utilisant des mat\u00e9riaux naturels.\" \/>\n<meta property=\"og:url\" content=\"https:\/\/clairobscurdesign.com\/fr\/vivre-simplement\/\" \/>\n<meta property=\"og:site_name\" content=\"Design clair et obscur\" \/>\n<meta property=\"article:publisher\" content=\"https:\/\/www.facebook.com\/clairobscurdesign\/\" \/>\n<meta property=\"article:modified_time\" content=\"2025-12-01T19:30:07+00:00\" \/>\n<meta name=\"twitter:card\" content=\"summary_large_image\" \/>\n<meta name=\"twitter:label1\" content=\"Est. reading time\" \/>\n\t<meta name=\"twitter:data1\" content=\"1 minute\" \/>\n<script type=\"application\/ld+json\" class=\"yoast-schema-graph\">{\"@context\":\"https:\\\/\\\/schema.org\",\"@graph\":[{\"@type\":\"WebPage\",\"@id\":\"https:\\\/\\\/clairobscurdesign.com\\\/fr\\\/vivre-simplement\\\/\",\"url\":\"https:\\\/\\\/clairobscurdesign.com\\\/fr\\\/vivre-simplement\\\/\",\"name\":\"Vivre Simplement Chez-Soi - Blogue - Clair Obscur Design\",\"isPartOf\":{\"@id\":\"https:\\\/\\\/clairobscurdesign.com\\\/fr\\\/#website\"},\"datePublished\":\"2023-06-14T15:27:34+00:00\",\"dateModified\":\"2025-12-01T19:30:07+00:00\",\"description\":\"Conseils pour vivre simplement, d\u00e9sencombrer sa maison, adopter une d\u00e9coration minimaliste, \u00e9coresponsable, utilisant des mat\u00e9riaux naturels.\",\"breadcrumb\":{\"@id\":\"https:\\\/\\\/clairobscurdesign.com\\\/fr\\\/vivre-simplement\\\/#breadcrumb\"},\"inLanguage\":\"en-US\",\"potentialAction\":[{\"@type\":\"ReadAction\",\"target\":[\"https:\\\/\\\/clairobscurdesign.com\\\/fr\\\/vivre-simplement\\\/\"]}]},{\"@type\":\"BreadcrumbList\",\"@id\":\"https:\\\/\\\/clairobscurdesign.com\\\/fr\\\/vivre-simplement\\\/#breadcrumb\",\"itemListElement\":[{\"@type\":\"ListItem\",\"position\":1,\"name\":\"Home\",\"item\":\"https:\\\/\\\/clairobscurdesign.com\\\/fr\\\/\"},{\"@type\":\"ListItem\",\"position\":2,\"name\":\"Blog Cat\u00e9gorie Vivre Simplement Chez-Soi\"}]},{\"@type\":\"WebSite\",\"@id\":\"https:\\\/\\\/clairobscurdesign.com\\\/fr\\\/#website\",\"url\":\"https:\\\/\\\/clairobscurdesign.com\\\/fr\\\/\",\"name\":\"Design clair et obscur\",\"description\":\"clairobscurdesign\",\"publisher\":{\"@id\":\"https:\\\/\\\/clairobscurdesign.com\\\/fr\\\/#organization\"},\"potentialAction\":[{\"@type\":\"SearchAction\",\"target\":{\"@type\":\"EntryPoint\",\"urlTemplate\":\"https:\\\/\\\/clairobscurdesign.com\\\/fr\\\/?s={search_term_string}\"},\"query-input\":{\"@type\":\"PropertyValueSpecification\",\"valueRequired\":true,\"valueName\":\"search_term_string\"}}],\"inLanguage\":\"en-US\"},{\"@type\":\"Organization\",\"@id\":\"https:\\\/\\\/clairobscurdesign.com\\\/fr\\\/#organization\",\"name\":\"Design clair et obscur\",\"url\":\"https:\\\/\\\/clairobscurdesign.com\\\/fr\\\/\",\"logo\":{\"@type\":\"ImageObject\",\"inLanguage\":\"en-US\",\"@id\":\"https:\\\/\\\/clairobscurdesign.com\\\/fr\\\/#\\\/schema\\\/logo\\\/image\\\/\",\"url\":\"https:\\\/\\\/clairobscurdesign.com\\\/fr\\\/\\\/wp-content\\\/uploads\\\/2024\\\/03\\\/logo.png\",\"contentUrl\":\"https:\\\/\\\/clairobscurdesign.com\\\/fr\\\/\\\/wp-content\\\/uploads\\\/2024\\\/03\\\/logo.png\",\"width\":280,\"height\":77,\"caption\":\"Design clair et obscur\"},\"image\":{\"@id\":\"https:\\\/\\\/clairobscurdesign.com\\\/fr\\\/#\\\/schema\\\/logo\\\/image\\\/\"},\"sameAs\":[\"https:\\\/\\\/www.facebook.com\\\/clairobscurdesign\\\/\",\"https:\\\/\\\/ca.pinterest.com\\\/clairobscurdesign\\\/\"]}]}<\/script>\n<!-- \/ Yoast SEO plugin. -->","yoast_head_json":{"title":"Vivre Simplement Chez-Soi - Blogue - Clair Obscur Design","description":"Conseils pour vivre simplement, d\u00e9sencombrer sa maison, adopter une d\u00e9coration minimaliste, \u00e9coresponsable, utilisant des mat\u00e9riaux naturels.","robots":{"index":"index","follow":"follow","max-snippet":"max-snippet:-1","max-image-preview":"max-image-preview:large","max-video-preview":"max-video-preview:-1"},"canonical":"https:\/\/clairobscurdesign.com\/fr\/vivre-simplement\/","og_locale":"en_US","og_type":"article","og_title":"Vivre Simplement Chez-Soi - Blogue - Clair Obscur Design","og_description":"Conseils pour vivre simplement, d\u00e9sencombrer sa maison, adopter une d\u00e9coration minimaliste, \u00e9coresponsable, utilisant des mat\u00e9riaux naturels.","og_url":"https:\/\/clairobscurdesign.com\/fr\/vivre-simplement\/","og_site_name":"Design clair et obscur","article_publisher":"https:\/\/www.facebook.com\/clairobscurdesign\/","article_modified_time":"2025-12-01T19:30:07+00:00","twitter_card":"summary_large_image","twitter_misc":{"Est. reading time":"1 minute"},"schema":{"@context":"https:\/\/schema.org","@graph":[{"@type":"WebPage","@id":"https:\/\/clairobscurdesign.com\/fr\/vivre-simplement\/","url":"https:\/\/clairobscurdesign.com\/fr\/vivre-simplement\/","name":"Vivre Simplement Chez-Soi - Blogue - Clair Obscur Design","isPartOf":{"@id":"https:\/\/clairobscurdesign.com\/fr\/#website"},"datePublished":"2023-06-14T15:27:34+00:00","dateModified":"2025-12-01T19:30:07+00:00","description":"Conseils pour vivre simplement, d\u00e9sencombrer sa maison, adopter une d\u00e9coration minimaliste, \u00e9coresponsable, utilisant des mat\u00e9riaux naturels.","breadcrumb":{"@id":"https:\/\/clairobscurdesign.com\/fr\/vivre-simplement\/#breadcrumb"},"inLanguage":"en-US","potentialAction":[{"@type":"ReadAction","target":["https:\/\/clairobscurdesign.com\/fr\/vivre-simplement\/"]}]},{"@type":"BreadcrumbList","@id":"https:\/\/clairobscurdesign.com\/fr\/vivre-simplement\/#breadcrumb","itemListElement":[{"@type":"ListItem","position":1,"name":"Home","item":"https:\/\/clairobscurdesign.com\/fr\/"},{"@type":"ListItem","position":2,"name":"Blog Cat\u00e9gorie Vivre Simplement Chez-Soi"}]},{"@type":"WebSite","@id":"https:\/\/clairobscurdesign.com\/fr\/#website","url":"https:\/\/clairobscurdesign.com\/fr\/","name":"Design clair et obscur","description":"clairobscurdesign","publisher":{"@id":"https:\/\/clairobscurdesign.com\/fr\/#organization"},"potentialAction":[{"@type":"SearchAction","target":{"@type":"EntryPoint","urlTemplate":"https:\/\/clairobscurdesign.com\/fr\/?s={search_term_string}"},"query-input":{"@type":"PropertyValueSpecification","valueRequired":true,"valueName":"search_term_string"}}],"inLanguage":"en-US"},{"@type":"Organization","@id":"https:\/\/clairobscurdesign.com\/fr\/#organization","name":"Design clair et obscur","url":"https:\/\/clairobscurdesign.com\/fr\/","logo":{"@type":"ImageObject","inLanguage":"en-US","@id":"https:\/\/clairobscurdesign.com\/fr\/#\/schema\/logo\/image\/","url":"https:\/\/clairobscurdesign.com\/fr\/\/wp-content\/uploads\/2024\/03\/logo.png","contentUrl":"https:\/\/clairobscurdesign.com\/fr\/\/wp-content\/uploads\/2024\/03\/logo.png","width":280,"height":77,"caption":"Design clair et obscur"},"image":{"@id":"https:\/\/clairobscurdesign.com\/fr\/#\/schema\/logo\/image\/"},"sameAs":["https:\/\/www.facebook.com\/clairobscurdesign\/","https:\/\/ca.pinterest.com\/clairobscurdesign\/"]}]}},"_links":{"self":[{"href":"https:\/\/clairobscurdesign.com\/fr\/wp-json\/wp\/v2\/pages\/388","targetHints":{"allow":["GET"]}}],"collection":[{"href":"https:\/\/clairobscurdesign.com\/fr\/wp-json\/wp\/v2\/pages"}],"about":[{"href":"https:\/\/clairobscurdesign.com\/fr\/wp-json\/wp\/v2\/types\/page"}],"author":[{"embeddable":true,"href":"https:\/\/clairobscurdesign.com\/fr\/wp-json\/wp\/v2\/users\/4"}],"replies":[{"embeddable":true,"href":"https:\/\/clairobscurdesign.com\/fr\/wp-json\/wp\/v2\/comments?post=388"}],"version-history":[{"count":81,"href":"https:\/\/clairobscurdesign.com\/fr\/wp-json\/wp\/v2\/pages\/388\/revisions"}],"predecessor-version":[{"id":7417,"href":"https:\/\/clairobscurdesign.com\/fr\/wp-json\/wp\/v2\/pages\/388\/revisions\/7417"}],"wp:attachment":[{"href":"https:\/\/clairobscurdesign.com\/fr\/wp-json\/wp\/v2\/media?parent=388"}],"curies":[{"name":"wp","href":"https:\/\/api.w.org\/{rel}","templated":true}]}}