{"id":4904,"date":"2025-08-12T01:19:00","date_gmt":"2025-08-12T01:19:00","guid":{"rendered":"https:\/\/clairobscurdesign.com\/fr\/?page_id=4904"},"modified":"2025-09-08T19:07:58","modified_gmt":"2025-09-08T19:07:58","slug":"contact","status":"publish","type":"page","link":"https:\/\/clairobscurdesign.com\/fr\/contact\/","title":{"rendered":"Contact"},"content":{"rendered":"\n<div class=\"wp-block-cover has-parallax is-style-default\" style=\"min-height:750px;aspect-ratio:unset;\"><div role=\"img\" aria-label=\"Clair Obscur Design, designer d'int\u00e9rieur virtuel, design int\u00e9rieur Canada, organisation maison, d\u00e9coration Airbnb, bureau scandinave \u00e0 domicile, bureau en bois massif, chaise blanche en plastique, d\u00e9coration minimaliste et \u00e9pur\u00e9e, fleurs s\u00e9ch\u00e9es et \u00e9l\u00e9ments naturels, espace d\u00e9sencombr\u00e9 et organis\u00e9, am\u00e9nagement fonctionnel et harmonieux, design \u00e9co-conscient.\" class=\"wp-block-cover__image-background wp-image-6111 size-large has-parallax\" style=\"background-position:50% 50%;background-image:url(https:\/\/clairobscurdesign.com\/fr\/wp-content\/uploads\/2025\/08\/Clair-Obscur-Design-Bureau-minimalist-decor-naturel-1024x574.jpg)\"><\/div><span aria-hidden=\"true\" class=\"wp-block-cover__background has-black-background-color has-background-dim-40 has-background-dim\"><\/span><div class=\"wp-block-cover__inner-container is-layout-flow wp-block-cover-is-layout-flow\">\n<h2 class=\"wp-block-heading has-text-align-center\" style=\"padding-top:0;padding-right:var(--wp--preset--spacing--60);padding-bottom:0;padding-left:var(--wp--preset--spacing--60);font-size:70px\">Un pas vers un espace plus clair<\/h2>\n<\/div><\/div>\n\n\n\n<div class=\"wp-block-getwid-section alignfull alignfull getwid-section-content-custom-width\"><div class=\"wp-block-getwid-section__wrapper getwid-padding-top-large getwid-padding-bottom-large getwid-padding-left-medium getwid-padding-right-medium\" style=\"min-height:70vh\"><div class=\"wp-block-getwid-section__inner-wrapper\" style=\"max-width:1140px\"><div class=\"wp-block-getwid-section__background-holder\"><div class=\"wp-block-getwid-section__background has-background\" style=\"background-color:#efeee5\"><\/div><div class=\"wp-block-getwid-section__foreground\" style=\"opacity:0\"><\/div><\/div><div class=\"wp-block-getwid-section__content\"><div class=\"wp-block-getwid-section__inner-content\">\n<div style=\"height:167px\" aria-hidden=\"true\" class=\"wp-block-spacer\"><\/div>\n\n\n\n<div class=\"wp-block-columns is-layout-flex wp-container-core-columns-is-layout-9d6595d7 wp-block-columns-is-layout-flex\">\n<div class=\"wp-block-column is-layout-flow wp-block-column-is-layout-flow\">\n<div style=\"height:24px\" aria-hidden=\"true\" class=\"wp-block-spacer\"><\/div>\n\n\n\n<h2 class=\"wp-block-heading has-text-color has-link-color wp-elements-d4ebffd48c2e1bb4a3711267f3b8ce46\" style=\"color:#7a623d;font-size:50px;line-height:1.2\">Pr\u00eate \u00e0 transformer ton chez-toi ou ta propri\u00e9t\u00e9 locative?<\/h2>\n<\/div>\n\n\n\n<div class=\"wp-block-column is-layout-flow wp-block-column-is-layout-flow\">\n<div class=\"wp-block-getwid-advanced-heading has-custom-font-size\" style=\"font-size:22px\"><h1 class=\"wp-block-getwid-advanced-heading__content has-text-color\" style=\"font-weight:100;color:#7a623d\"><strong>Que tu souhaites r\u00e9am\u00e9nager et organiser ta maison ou augmenter ton taux d&#8217;occupation en cr\u00e9ant un espace locatif coh\u00e9rent et inspirant, je suis l\u00e0 pour te guider avec clart\u00e9, douceur et intention.<br>Remplis ce court formulaire et je te r\u00e9pondrai avec attention dans un d\u00e9lai de 48h ouvrables.<\/strong><\/h1><\/div>\n<\/div>\n<\/div>\n\n\n\n<div style=\"height:167px\" aria-hidden=\"true\" class=\"wp-block-spacer\"><\/div>\n\n\n<div class='fluentform ff-default fluentform_wrapper_2 ffs_default_wrap'><form data-form_id=\"2\" id=\"fluentform_2\" class=\"frm-fluent-form fluent_form_2 ff-el-form-top ff_form_instance_2_1 ff-form-loading ffs_default\" data-form_instance=\"ff_form_instance_2_1\" method=\"POST\" ><fieldset  style=\"border: none!important;margin: 0!important;padding: 0!important;background-color: transparent!important;box-shadow: none!important;outline: none!important; min-inline-size: 100%;\">\n                    <legend class=\"ff_screen_reader_title\" style=\"display: block; margin: 0!important;padding: 0!important;height: 0!important;text-indent: -999999px;width: 0!important;overflow:hidden;\">Subscription Form Page Contact<\/legend><input type='hidden' name='__fluent_form_embded_post_id' value='4904' \/><input type=\"hidden\" id=\"_fluentform_2_fluentformnonce\" name=\"_fluentform_2_fluentformnonce\" value=\"476cd6a717\" \/><input type=\"hidden\" name=\"_wp_http_referer\" value=\"\/fr\/wp-json\/wp\/v2\/pages\/4904\" \/><div class='ff-el-group'><div class=\"ff-el-input--label ff-el-is-required asterisk-right\"><label for='ff_2_input_text' id='label_ff_2_input_text' aria-label=\"NOM\">NOM<\/label><\/div><div class='ff-el-input--content'><input type=\"text\" name=\"input_text\" class=\"ff-el-form-control\" data-name=\"input_text\" id=\"ff_2_input_text\"  aria-invalid=\"false\" aria-required=true><\/div><\/div><div class='ff-el-group'><div class=\"ff-el-input--label ff-el-is-required asterisk-right\"><label for='ff_2_email' id='label_ff_2_email' aria-label=\"EMAIL\">EMAIL<\/label><\/div><div class='ff-el-input--content'><input type=\"email\" name=\"email\" id=\"ff_2_email\" class=\"ff-el-form-control\" placeholder=\"exemple@mail.com\" data-name=\"email\"  aria-invalid=\"false\" aria-required=true><\/div><\/div><div class='ff-el-group'><div class=\"ff-el-input--label asterisk-right\"><label for='ff_2_numeric_field' id='label_ff_2_numeric_field' aria-label=\"T\u00c9L\u00c9PHONE\">T\u00c9L\u00c9PHONE<\/label><\/div><div class='ff-el-input--content'><input type=\"number\" name=\"numeric_field\" id=\"ff_2_numeric_field\" class=\"ff-el-form-control\" placeholder=\" 1 (555) 555-5555\" data-name=\"numeric_field\" inputmode=\"numeric\" step=\"any\"  aria-invalid=\"false\" aria-required=false><\/div><\/div><div class='ff-el-group'><div class=\"ff-el-input--label asterisk-right\"><label for='ff_2_datetime' id='label_ff_2_datetime' aria-label=\"\u00c0 QUEL MOMENT SOUHAITERAIS-TU CONCR\u00c9TISER CE PROJET ?\">\u00c0 QUEL MOMENT SOUHAITERAIS-TU CONCR\u00c9TISER CE PROJET ?<\/label><\/div><div class='ff-el-input--content'><input  aria-label='\u00c0 QUEL MOMENT SOUHAITERAIS-TU CONCR\u00c9TISER CE PROJET ? Use arrow keys to navigate dates. Press enter to select a date.'  aria-haspopup='dialog' data-type-datepicker data-format='d\/m\/Y' type=\"text\" name=\"datetime\" id=\"ff_2_datetime\" class=\"ff-el-form-control ff-el-datepicker\" placeholder=\"aaaa\/mm\/jj\" data-name=\"datetime\"  aria-invalid='false' aria-required=false><\/div><\/div><div class='ff-el-group'><div class=\"ff-el-input--label ff-el-is-required asterisk-right\"><label   aria-label=\"QUEL ACCOMPAGNEMENT R\u00c9POND LE MIEUX \u00c0 TON BESOIN ACTUEL ?\">QUEL ACCOMPAGNEMENT R\u00c9POND LE MIEUX \u00c0 TON BESOIN ACTUEL ?<\/label><\/div><div class='ff-el-input--content'><div class='ff-el-form-check ff-el-form-check-'><label class='ff-el-form-check-label' for='checkbox_b1a4a67d88a0ca80918344222344e10a'><input  type=\"checkbox\" name=\"checkbox[]\" data-name=\"checkbox\" class=\"ff-el-form-check-input ff-el-form-check-checkbox\" value=\"Design &amp; Organisation R\u00e9sidentiels\"  id='checkbox_b1a4a67d88a0ca80918344222344e10a' aria-label='Design &amp; Organisation R\u00e9sidentiels' aria-invalid='false' aria-required=true> <span>Design &amp; Organisation R\u00e9sidentiels<\/span><\/label><\/div><div class='ff-el-form-check ff-el-form-check-'><label class='ff-el-form-check-label' for='checkbox_a6e89c30029422ce903e4913f4789c48'><input  type=\"checkbox\" name=\"checkbox[]\" data-name=\"checkbox\" class=\"ff-el-form-check-input ff-el-form-check-checkbox\" value=\"Airbnb Design &amp; Branding\"  id='checkbox_a6e89c30029422ce903e4913f4789c48' aria-label='Airbnb Design &amp; Branding' aria-invalid='false' aria-required=true> <span>Airbnb Design &amp; Branding<\/span><\/label><\/div><\/div><\/div><div class='ff-el-group'><div class=\"ff-el-input--label asterisk-right\"><label for='ff_2_description' id='label_ff_2_description' aria-label=\"D\u00c9CRIS TON PROJET EN QUELQUES MOTS : TES D\u00c9FIS, CE QUE TU VEUX CHANGER, CE QUE TU ESP\u00c8RES.\">D\u00c9CRIS TON PROJET EN QUELQUES MOTS : TES D\u00c9FIS, CE QUE TU VEUX CHANGER, CE QUE TU ESP\u00c8RES.<\/label><\/div><div class='ff-el-input--content'><textarea aria-required=\"false\" aria-labelledby=\"label_ff_2_description\" name=\"description\" id=\"ff_2_description\" class=\"ff-el-form-control\" rows=\"3\" cols=\"2\" data-name=\"description\" ><\/textarea><\/div><\/div><div class='ff-el-group'><div class=\"ff-el-input--label asterisk-right\"><label for='ff_2_dropdown' id='label_ff_2_dropdown' aria-label=\"COMMENT AS-TU ENTENDU PARLER DE CLAIR OBSCUR DESIGN?\">COMMENT AS-TU ENTENDU PARLER DE CLAIR OBSCUR DESIGN?<\/label><\/div><div class='ff-el-input--content'><select name=\"dropdown\" id=\"ff_2_dropdown\" class=\"ff-el-form-control\" data-name=\"dropdown\" data-calc_value=\"0\"  aria-invalid=\"false\" aria-required=\"false\" aria-labelledby=\"label_ff_2_dropdown\"><option value=\"\">- choisi une option -<\/option><option value=\"Instagram\"  >Instagram<\/option><option value=\"Facebook\"  >Facebook<\/option><option value=\"Pinterest\"  >Pinterest<\/option><option value=\"Recherche sur le Web\"  >Recherche sur le Web<\/option><option value=\"Houzz\"  >Houzz<\/option><option value=\"Un ami\"  >Un ami<\/option><option value=\"Autre\"  >Autre<\/option><\/select><\/div><\/div><div class='ff-el-group ff-text-left ff_submit_btn_wrapper ff_submit_btn_wrapper_custom'><button class=\"ff-btn ff-btn-submit ff-btn-md ff_btn_style wpf_has_custom_css\" type=\"submit\" name=\"custom_submit_button-2_1\" data-name=\"custom_submit_button-2_1\"  aria-label=\"Soumettre\">Soumettre<\/button><style>form.fluent_form_2 .wpf_has_custom_css.ff-btn-submit { background-color:rgba(122, 98, 61, 1);border-color:rgba(122, 98, 61, 1);color:#ffffff;min-width:20%; }form.fluent_form_2 .wpf_has_custom_css.ff-btn-submit:hover { background-color:#ffffff;border-color:#1a7efb;color:#1a7efb;min-width:100%; } <\/style><\/div><\/fieldset><\/form><div id='fluentform_2_errors' class='ff-errors-in-stack ff_form_instance_2_1 ff-form-loading_errors ff_form_instance_2_1_errors'><\/div><\/div>            <script type=\"text\/javascript\">\n                window.fluent_form_ff_form_instance_2_1 = {\"id\":\"2\",\"settings\":{\"layout\":{\"labelPlacement\":\"top\",\"helpMessagePlacement\":\"with_label\",\"errorMessagePlacement\":\"inline\",\"asteriskPlacement\":\"asterisk-right\"},\"restrictions\":{\"denyEmptySubmission\":{\"enabled\":false}}},\"form_instance\":\"ff_form_instance_2_1\",\"form_id_selector\":\"fluentform_2\",\"rules\":{\"input_text\":{\"required\":{\"value\":true,\"message\":\"This field is required\",\"global_message\":\"This field is required\",\"global\":true}},\"email\":{\"required\":{\"value\":true,\"message\":\"This field is required\",\"global_message\":\"This field is required\",\"global\":true},\"email\":{\"value\":true,\"message\":\"This field must contain a valid email\",\"global_message\":\"This field must contain a valid email\",\"global\":true}},\"numeric_field\":{\"required\":{\"value\":false,\"message\":\"This field is required\",\"global_message\":\"This field is required\",\"global\":true},\"numeric\":{\"value\":true,\"message\":\"This field must contain numeric value\",\"global_message\":\"This field must contain numeric value\",\"global\":true},\"min\":{\"value\":\"\",\"message\":\"Validation fails for minimum value\",\"global_message\":\"Validation fails for minimum value\",\"global\":true},\"max\":{\"value\":\"\",\"message\":\"Validation fails for maximum value\",\"global_message\":\"Validation fails for maximum value\",\"global\":true},\"digits\":{\"value\":\"\",\"message\":\"Validation fails for limited digits\",\"global_message\":\"Validation fails for limited digits\",\"global\":true}},\"datetime\":{\"required\":{\"value\":false,\"message\":\"This field is required\",\"global_message\":\"This field is required\",\"global\":true}},\"checkbox\":{\"required\":{\"value\":true,\"message\":\"This field is required\",\"global_message\":\"This field is required\",\"global\":true}},\"description\":{\"required\":{\"value\":false,\"message\":\"This field is required\",\"global_message\":\"This field is required\",\"global\":true}},\"dropdown\":{\"required\":{\"value\":false,\"message\":\"This field is required\",\"global_message\":\"This field is required\",\"global\":true}}},\"debounce_time\":300};\n                            <\/script>\n            \n<\/div><\/div><\/div><\/div><\/div>\n","protected":false},"excerpt":{"rendered":"","protected":false},"author":4,"featured_media":0,"parent":0,"menu_order":0,"comment_status":"closed","ping_status":"closed","template":"","meta":{"footnotes":""},"class_list":["post-4904","page","type-page","status-publish","hentry","entry"],"yoast_head":"<!-- This site is optimized with the Yoast SEO plugin v27.4 - https:\/\/yoast.com\/product\/yoast-seo-wordpress\/ -->\n<title>Pr\u00eat \u00e0 transformer ta maison ou ton Airbnb? - Contact - Design clair et obscur<\/title>\n<meta name=\"description\" content=\"Que tu souhaites r\u00e9am\u00e9nager et organiser ta maison ou augmenter ton taux d&#039;occupation Airbnb, communique avec Clair Obscur Design.\" \/>\n<meta name=\"robots\" content=\"index, follow, max-snippet:-1, max-image-preview:large, max-video-preview:-1\" \/>\n<link rel=\"canonical\" href=\"https:\/\/clairobscurdesign.com\/fr\/contact\/\" \/>\n<meta property=\"og:locale\" content=\"en_US\" \/>\n<meta property=\"og:type\" content=\"article\" \/>\n<meta property=\"og:title\" content=\"Pr\u00eat \u00e0 transformer ta maison ou ton Airbnb? - Contact - Design clair et obscur\" \/>\n<meta property=\"og:description\" content=\"Que tu souhaites r\u00e9am\u00e9nager et organiser ta maison ou augmenter ton taux d&#039;occupation Airbnb, communique avec Clair Obscur Design.\" \/>\n<meta property=\"og:url\" content=\"https:\/\/clairobscurdesign.com\/fr\/contact\/\" \/>\n<meta property=\"og:site_name\" content=\"Design clair et obscur\" \/>\n<meta property=\"article:publisher\" content=\"https:\/\/www.facebook.com\/clairobscurdesign\/\" \/>\n<meta property=\"article:modified_time\" content=\"2025-09-08T19:07:58+00:00\" \/>\n<meta name=\"twitter:card\" content=\"summary_large_image\" \/>\n<meta name=\"twitter:label1\" content=\"Est. reading time\" \/>\n\t<meta name=\"twitter:data1\" content=\"1 minute\" \/>\n<script type=\"application\/ld+json\" class=\"yoast-schema-graph\">{\"@context\":\"https:\\\/\\\/schema.org\",\"@graph\":[{\"@type\":\"WebPage\",\"@id\":\"https:\\\/\\\/clairobscurdesign.com\\\/fr\\\/contact\\\/\",\"url\":\"https:\\\/\\\/clairobscurdesign.com\\\/fr\\\/contact\\\/\",\"name\":\"Pr\u00eat \u00e0 transformer ta maison ou ton Airbnb? - Contact - Design clair et obscur\",\"isPartOf\":{\"@id\":\"https:\\\/\\\/clairobscurdesign.com\\\/fr\\\/#website\"},\"datePublished\":\"2025-08-12T01:19:00+00:00\",\"dateModified\":\"2025-09-08T19:07:58+00:00\",\"description\":\"Que tu souhaites r\u00e9am\u00e9nager et organiser ta maison ou augmenter ton taux d'occupation Airbnb, communique avec Clair Obscur Design.\",\"breadcrumb\":{\"@id\":\"https:\\\/\\\/clairobscurdesign.com\\\/fr\\\/contact\\\/#breadcrumb\"},\"inLanguage\":\"en-US\",\"potentialAction\":[{\"@type\":\"ReadAction\",\"target\":[\"https:\\\/\\\/clairobscurdesign.com\\\/fr\\\/contact\\\/\"]}]},{\"@type\":\"BreadcrumbList\",\"@id\":\"https:\\\/\\\/clairobscurdesign.com\\\/fr\\\/contact\\\/#breadcrumb\",\"itemListElement\":[{\"@type\":\"ListItem\",\"position\":1,\"name\":\"Home\",\"item\":\"https:\\\/\\\/clairobscurdesign.com\\\/fr\\\/\"},{\"@type\":\"ListItem\",\"position\":2,\"name\":\"Contact\"}]},{\"@type\":\"WebSite\",\"@id\":\"https:\\\/\\\/clairobscurdesign.com\\\/fr\\\/#website\",\"url\":\"https:\\\/\\\/clairobscurdesign.com\\\/fr\\\/\",\"name\":\"Design clair et obscur\",\"description\":\"clairobscurdesign\",\"publisher\":{\"@id\":\"https:\\\/\\\/clairobscurdesign.com\\\/fr\\\/#organization\"},\"potentialAction\":[{\"@type\":\"SearchAction\",\"target\":{\"@type\":\"EntryPoint\",\"urlTemplate\":\"https:\\\/\\\/clairobscurdesign.com\\\/fr\\\/?s={search_term_string}\"},\"query-input\":{\"@type\":\"PropertyValueSpecification\",\"valueRequired\":true,\"valueName\":\"search_term_string\"}}],\"inLanguage\":\"en-US\"},{\"@type\":\"Organization\",\"@id\":\"https:\\\/\\\/clairobscurdesign.com\\\/fr\\\/#organization\",\"name\":\"Design clair et obscur\",\"url\":\"https:\\\/\\\/clairobscurdesign.com\\\/fr\\\/\",\"logo\":{\"@type\":\"ImageObject\",\"inLanguage\":\"en-US\",\"@id\":\"https:\\\/\\\/clairobscurdesign.com\\\/fr\\\/#\\\/schema\\\/logo\\\/image\\\/\",\"url\":\"https:\\\/\\\/clairobscurdesign.com\\\/fr\\\/\\\/wp-content\\\/uploads\\\/2024\\\/03\\\/logo.png\",\"contentUrl\":\"https:\\\/\\\/clairobscurdesign.com\\\/fr\\\/\\\/wp-content\\\/uploads\\\/2024\\\/03\\\/logo.png\",\"width\":280,\"height\":77,\"caption\":\"Design clair et obscur\"},\"image\":{\"@id\":\"https:\\\/\\\/clairobscurdesign.com\\\/fr\\\/#\\\/schema\\\/logo\\\/image\\\/\"},\"sameAs\":[\"https:\\\/\\\/www.facebook.com\\\/clairobscurdesign\\\/\",\"https:\\\/\\\/ca.pinterest.com\\\/clairobscurdesign\\\/\"]}]}<\/script>\n<!-- \/ Yoast SEO plugin. -->","yoast_head_json":{"title":"Pr\u00eat \u00e0 transformer ta maison ou ton Airbnb? - Contact - Design clair et obscur","description":"Que tu souhaites r\u00e9am\u00e9nager et organiser ta maison ou augmenter ton taux d'occupation Airbnb, communique avec Clair Obscur Design.","robots":{"index":"index","follow":"follow","max-snippet":"max-snippet:-1","max-image-preview":"max-image-preview:large","max-video-preview":"max-video-preview:-1"},"canonical":"https:\/\/clairobscurdesign.com\/fr\/contact\/","og_locale":"en_US","og_type":"article","og_title":"Pr\u00eat \u00e0 transformer ta maison ou ton Airbnb? - Contact - Design clair et obscur","og_description":"Que tu souhaites r\u00e9am\u00e9nager et organiser ta maison ou augmenter ton taux d'occupation Airbnb, communique avec Clair Obscur Design.","og_url":"https:\/\/clairobscurdesign.com\/fr\/contact\/","og_site_name":"Design clair et obscur","article_publisher":"https:\/\/www.facebook.com\/clairobscurdesign\/","article_modified_time":"2025-09-08T19:07:58+00:00","twitter_card":"summary_large_image","twitter_misc":{"Est. reading time":"1 minute"},"schema":{"@context":"https:\/\/schema.org","@graph":[{"@type":"WebPage","@id":"https:\/\/clairobscurdesign.com\/fr\/contact\/","url":"https:\/\/clairobscurdesign.com\/fr\/contact\/","name":"Pr\u00eat \u00e0 transformer ta maison ou ton Airbnb? - Contact - Design clair et obscur","isPartOf":{"@id":"https:\/\/clairobscurdesign.com\/fr\/#website"},"datePublished":"2025-08-12T01:19:00+00:00","dateModified":"2025-09-08T19:07:58+00:00","description":"Que tu souhaites r\u00e9am\u00e9nager et organiser ta maison ou augmenter ton taux d'occupation Airbnb, communique avec Clair Obscur Design.","breadcrumb":{"@id":"https:\/\/clairobscurdesign.com\/fr\/contact\/#breadcrumb"},"inLanguage":"en-US","potentialAction":[{"@type":"ReadAction","target":["https:\/\/clairobscurdesign.com\/fr\/contact\/"]}]},{"@type":"BreadcrumbList","@id":"https:\/\/clairobscurdesign.com\/fr\/contact\/#breadcrumb","itemListElement":[{"@type":"ListItem","position":1,"name":"Home","item":"https:\/\/clairobscurdesign.com\/fr\/"},{"@type":"ListItem","position":2,"name":"Contact"}]},{"@type":"WebSite","@id":"https:\/\/clairobscurdesign.com\/fr\/#website","url":"https:\/\/clairobscurdesign.com\/fr\/","name":"Design clair et obscur","description":"clairobscurdesign","publisher":{"@id":"https:\/\/clairobscurdesign.com\/fr\/#organization"},"potentialAction":[{"@type":"SearchAction","target":{"@type":"EntryPoint","urlTemplate":"https:\/\/clairobscurdesign.com\/fr\/?s={search_term_string}"},"query-input":{"@type":"PropertyValueSpecification","valueRequired":true,"valueName":"search_term_string"}}],"inLanguage":"en-US"},{"@type":"Organization","@id":"https:\/\/clairobscurdesign.com\/fr\/#organization","name":"Design clair et obscur","url":"https:\/\/clairobscurdesign.com\/fr\/","logo":{"@type":"ImageObject","inLanguage":"en-US","@id":"https:\/\/clairobscurdesign.com\/fr\/#\/schema\/logo\/image\/","url":"https:\/\/clairobscurdesign.com\/fr\/\/wp-content\/uploads\/2024\/03\/logo.png","contentUrl":"https:\/\/clairobscurdesign.com\/fr\/\/wp-content\/uploads\/2024\/03\/logo.png","width":280,"height":77,"caption":"Design clair et obscur"},"image":{"@id":"https:\/\/clairobscurdesign.com\/fr\/#\/schema\/logo\/image\/"},"sameAs":["https:\/\/www.facebook.com\/clairobscurdesign\/","https:\/\/ca.pinterest.com\/clairobscurdesign\/"]}]}},"_links":{"self":[{"href":"https:\/\/clairobscurdesign.com\/fr\/wp-json\/wp\/v2\/pages\/4904","targetHints":{"allow":["GET"]}}],"collection":[{"href":"https:\/\/clairobscurdesign.com\/fr\/wp-json\/wp\/v2\/pages"}],"about":[{"href":"https:\/\/clairobscurdesign.com\/fr\/wp-json\/wp\/v2\/types\/page"}],"author":[{"embeddable":true,"href":"https:\/\/clairobscurdesign.com\/fr\/wp-json\/wp\/v2\/users\/4"}],"replies":[{"embeddable":true,"href":"https:\/\/clairobscurdesign.com\/fr\/wp-json\/wp\/v2\/comments?post=4904"}],"version-history":[{"count":36,"href":"https:\/\/clairobscurdesign.com\/fr\/wp-json\/wp\/v2\/pages\/4904\/revisions"}],"predecessor-version":[{"id":6359,"href":"https:\/\/clairobscurdesign.com\/fr\/wp-json\/wp\/v2\/pages\/4904\/revisions\/6359"}],"wp:attachment":[{"href":"https:\/\/clairobscurdesign.com\/fr\/wp-json\/wp\/v2\/media?parent=4904"}],"curies":[{"name":"wp","href":"https:\/\/api.w.org\/{rel}","templated":true}]}}