{"id":67,"date":"2023-04-27T19:10:07","date_gmt":"2023-04-27T19:10:07","guid":{"rendered":"https:\/\/dev.anaxdesigns.website\/doranstyliste\/?page_id=67"},"modified":"2025-09-05T00:42:33","modified_gmt":"2025-09-05T00:42:33","slug":"realisations","status":"publish","type":"page","link":"https:\/\/clairobscurdesign.com\/fr\/realisations\/","title":{"rendered":"R\u00e9alisations"},"content":{"rendered":"\n<div class=\"wp-block-group\"><div class=\"wp-block-group__inner-container is-layout-constrained wp-block-group-is-layout-constrained\">\n<div class=\"wp-block-getwid-section alignfull alignfull getwid-section-content-full-width\"><div class=\"wp-block-getwid-section__wrapper getwid-padding-top-large getwid-padding-bottom-large getwid-padding-left-medium getwid-padding-right-medium\" style=\"min-height:100vh\"><div class=\"wp-block-getwid-section__inner-wrapper\"><div class=\"wp-block-getwid-section__background-holder\"><div class=\"wp-block-getwid-section__background\" style=\"background-image:url('https:\/\/clairobscurdesign.com\/fr\/wp-content\/uploads\/2025\/08\/Clair-Obscur-Design-Modern-kitchen-with-central-island-for-cooking-1.png');background-position:bottom center;background-attachment:fixed\"><div class=\"wp-block-getwid-section__background-image-wrapper\"><img decoding=\"async\" class=\"wp-block-getwid-section__background-image\" src=\"https:\/\/clairobscurdesign.com\/fr\/wp-content\/uploads\/2025\/08\/Clair-Obscur-Design-Modern-kitchen-with-central-island-for-cooking-1.png\" alt=\"Clair Obscur Design, designer d'int\u00e9rieur virtuel, design int\u00e9rieur Canada, organisation maison, d\u00e9coration Airbnb, Cuisine contemporaine avec armoires blanches unies, \u00eelot central en bois naturel, table int\u00e9gr\u00e9e, rangement optimis\u00e9, d\u00e9sencombrement, style minimaliste, \u00e9co-conscient, mat\u00e9riaux durables, design moderne.\"\/><\/div><\/div><div class=\"wp-block-getwid-section__foreground\" style=\"opacity:0.42;background-color:#000000\"><\/div><\/div><div class=\"wp-block-getwid-section__content\"><div class=\"wp-block-getwid-section__inner-content\">\n<div class=\"wp-block-getwid-advanced-heading has-custom-font-size fs-tablet-60 fs-mobile-50\" style=\"font-size:70px;margin-bottom:30px;margin-top:10px\"><h1 class=\"wp-block-getwid-advanced-heading__content has-text-color\" style=\"text-align:center;color:#ffffff\">Des Lieux Qui Soutiennent La vraie Vie<\/h1><\/div>\n<\/div><\/div><\/div><\/div><\/div>\n<\/div><\/div>\n\n\n\n<div class=\"wp-block-columns is-layout-flex wp-container-core-columns-is-layout-9d6595d7 wp-block-columns-is-layout-flex\">\n<div class=\"wp-block-column has-background is-layout-flow wp-block-column-is-layout-flow\" style=\"background-color:#efeee5;padding-top:var(--wp--preset--spacing--80);padding-bottom:var(--wp--preset--spacing--80)\"><\/div>\n<\/div>\n\n\n\n<div class=\"wp-block-group project-sec\"><div class=\"wp-block-group__inner-container is-layout-constrained wp-block-group-is-layout-constrained\">\n<div class=\"wp-block-cover alignfull is-light\"><span aria-hidden=\"true\" class=\"wp-block-cover__background has-background-dim-100 has-background-dim\" style=\"background-color:#efeee5\"><\/span><div class=\"wp-block-cover__inner-container is-layout-flow wp-block-cover-is-layout-flow\">\n<div class=\"wp-block-group alignfull container\"><div class=\"wp-block-group__inner-container is-layout-constrained wp-block-group-is-layout-constrained\">\n<div class=\"wp-block-group alignfull\"><div class=\"wp-block-group__inner-container is-layout-constrained wp-block-group-is-layout-constrained\"><div class=\"project-item row\">\n            <div class=\"col-md-4 single-item\">\n                <div class=\"recent-box\">\n                    <figure><a href=\"https:\/\/clairobscurdesign.com\/fr\/project\/urbanluxe-estates\/\"><img decoding=\"async\" src=\"https:\/\/clairobscurdesign.com\/fr\/wp-content\/uploads\/2024\/03\/2434100.jpg\" alt=\"entry image\"\/><\/a><\/figure>\n                    <div class=\"recent-content\">\n\t\t\t\t\t\t<p><a href=\"https:\/\/clairobscurdesign.com\/fr\/project\/urbanluxe-estates\/\">Domaine LuxeUrbain \u00a0\u00a0<\/a><\/p>\n\t\t\t\t\t\t<small>Mar, 2024<\/small>\n                    <\/div>\n                <\/div>\n            <\/div>\n            <div class=\"col-md-4 single-item\">\n                <div class=\"recent-box\">\n                    <figure><a href=\"https:\/\/clairobscurdesign.com\/fr\/project\/shire-simplicity-haven\/\"><img decoding=\"async\" src=\"https:\/\/clairobscurdesign.com\/fr\/wp-content\/uploads\/2023\/07\/1989533.jpg\" alt=\"entry image\"\/><\/a><\/figure>\n                    <div class=\"recent-content\">\n\t\t\t\t\t\t<p><a href=\"https:\/\/clairobscurdesign.com\/fr\/project\/shire-simplicity-haven\/\">Havre de Simplicit\u00e9<\/a><\/p>\n\t\t\t\t\t\t<small>Feb, 2024<\/small>\n                    <\/div>\n                <\/div>\n            <\/div>\n            <div class=\"col-md-4 single-item\">\n                <div class=\"recent-box\">\n                    <figure><a href=\"https:\/\/clairobscurdesign.com\/fr\/project\/meadowrustic-dwellings\/\"><img decoding=\"async\" src=\"https:\/\/clairobscurdesign.com\/fr\/wp-content\/uploads\/2023\/07\/1825710.jpg\" alt=\"entry image\"\/><\/a><\/figure>\n                    <div class=\"recent-content\">\n\t\t\t\t\t\t<p><a href=\"https:\/\/clairobscurdesign.com\/fr\/project\/meadowrustic-dwellings\/\">Petite Maison De La Prairie<\/a><\/p>\n\t\t\t\t\t\t<small>Jan, 2024<\/small>\n                    <\/div>\n                <\/div>\n            <\/div>\n            <div class=\"col-md-4 single-item\">\n                <div class=\"recent-box\">\n                    <figure><a href=\"https:\/\/clairobscurdesign.com\/fr\/project\/seashore-chic-retreat\/\"><img decoding=\"async\" src=\"https:\/\/clairobscurdesign.com\/fr\/wp-content\/uploads\/2024\/03\/1244907-1-1.jpg\" alt=\"entry image\"\/><\/a><\/figure>\n                    <div class=\"recent-content\">\n\t\t\t\t\t\t<p><a href=\"https:\/\/clairobscurdesign.com\/fr\/project\/seashore-chic-retreat\/\">Refuge C\u00f4tier Chic<\/a><\/p>\n\t\t\t\t\t\t<small>Sep, 2023<\/small>\n                    <\/div>\n                <\/div>\n            <\/div>\n            <div class=\"col-md-4 single-item\">\n                <div class=\"recent-box\">\n                    <figure><a href=\"https:\/\/clairobscurdesign.com\/fr\/project\/azure-breeze-loft-living\/\"><img decoding=\"async\" src=\"https:\/\/clairobscurdesign.com\/fr\/wp-content\/uploads\/2024\/03\/1628888.jpg\" alt=\"entry image\"\/><\/a><\/figure>\n                    <div class=\"recent-content\">\n\t\t\t\t\t\t<p><a href=\"https:\/\/clairobscurdesign.com\/fr\/project\/azure-breeze-loft-living\/\">Loft Brise D&#8217;Azure<\/a><\/p>\n\t\t\t\t\t\t<small>Jul, 2023<\/small>\n                    <\/div>\n                <\/div>\n            <\/div>\n            <div class=\"col-md-4 single-item\">\n                <div class=\"recent-box\">\n                    <figure><a href=\"https:\/\/clairobscurdesign.com\/fr\/project\/noir-elegance-estates\/\"><img decoding=\"async\" src=\"https:\/\/clairobscurdesign.com\/fr\/wp-content\/uploads\/2024\/03\/1946345-1-1.jpg\" alt=\"entry image\"\/><\/a><\/figure>\n                    <div class=\"recent-content\">\n\t\t\t\t\t\t<p><a href=\"https:\/\/clairobscurdesign.com\/fr\/project\/noir-elegance-estates\/\">Domaine Noir \u00c9l\u00e9gance<\/a><\/p>\n\t\t\t\t\t\t<small>May, 2023<\/small>\n                    <\/div>\n                <\/div>\n            <\/div>\n            <div class=\"col-md-4 single-item\">\n                <div class=\"recent-box\">\n                    <figure><a href=\"https:\/\/clairobscurdesign.com\/fr\/project\/urban-monochrome-retreat\/\"><img decoding=\"async\" src=\"https:\/\/clairobscurdesign.com\/fr\/wp-content\/uploads\/2024\/03\/1808503.jpg\" alt=\"entry image\"\/><\/a><\/figure>\n                    <div class=\"recent-content\">\n\t\t\t\t\t\t<p><a href=\"https:\/\/clairobscurdesign.com\/fr\/project\/urban-monochrome-retreat\/\">Retraite Urbaine Monochrome<\/a><\/p>\n\t\t\t\t\t\t<small>Feb, 2023<\/small>\n                    <\/div>\n                <\/div>\n            <\/div>\n            <div class=\"col-md-4 single-item\">\n                <div class=\"recent-box\">\n                    <figure><a href=\"https:\/\/clairobscurdesign.com\/fr\/project\/nature-blend-living\/\"><img decoding=\"async\" src=\"https:\/\/clairobscurdesign.com\/fr\/wp-content\/uploads\/2023\/06\/906870.jpg\" alt=\"entry image\"\/><\/a><\/figure>\n                    <div class=\"recent-content\">\n\t\t\t\t\t\t<p><a href=\"https:\/\/clairobscurdesign.com\/fr\/project\/nature-blend-living\/\">Harmonie Naturelle<\/a><\/p>\n\t\t\t\t\t\t<small>Oct, 2022<\/small>\n                    <\/div>\n                <\/div>\n            <\/div>\n            <div class=\"col-md-4 single-item\">\n                <div class=\"recent-box\">\n                    <figure><a href=\"https:\/\/clairobscurdesign.com\/fr\/project\/darkcharm-vintage-living\/\"><img decoding=\"async\" src=\"https:\/\/clairobscurdesign.com\/fr\/wp-content\/uploads\/2024\/03\/2448382.jpg\" alt=\"entry image\"\/><\/a><\/figure>\n                    <div class=\"recent-content\">\n\t\t\t\t\t\t<p><a href=\"https:\/\/clairobscurdesign.com\/fr\/project\/darkcharm-vintage-living\/\">\u00c9l\u00e9gance Vintage Sombre<\/a><\/p>\n\t\t\t\t\t\t<small>Mar, 2022<\/small>\n                    <\/div>\n                <\/div>\n            <\/div>\n            <div class=\"col-md-4 single-item\">\n                <div class=\"recent-box\">\n                    <figure><a href=\"https:\/\/clairobscurdesign.com\/fr\/project\/urban-artistry-loft\/\"><img decoding=\"async\" src=\"https:\/\/clairobscurdesign.com\/fr\/wp-content\/uploads\/2024\/03\/1939800-1.jpg\" alt=\"entry image\"\/><\/a><\/figure>\n                    <div class=\"recent-content\">\n\t\t\t\t\t\t<p><a href=\"https:\/\/clairobscurdesign.com\/fr\/project\/urban-artistry-loft\/\">Loft de l&#8217;Art Urbain<\/a><\/p>\n\t\t\t\t\t\t<small>Jan, 2022<\/small>\n                    <\/div>\n                <\/div>\n            <\/div><\/div>\n\n\n\n<div style=\"height:100px\" aria-hidden=\"true\" class=\"wp-block-spacer\"><\/div>\n\n\n\n<div class=\"wp-block-group detail-btn\"><div class=\"wp-block-group__inner-container is-layout-constrained wp-block-group-is-layout-constrained\">\n<div class=\"wp-block-buttons is-layout-flex wp-block-buttons-is-layout-flex\">\n<div class=\"wp-block-button custom-btn\" id=\"viewmore\"><a class=\"wp-block-button__link wp-element-button\">En D\u00e9couvrir Plus<\/a><\/div>\n<\/div>\n\n\n\n<p class=\"custom-btn\"><\/p>\n<\/div><\/div>\n<\/div><\/div>\n<\/div><\/div>\n<\/div><\/div>\n<\/div><\/div>\n","protected":false},"excerpt":{"rendered":"","protected":false},"author":4,"featured_media":0,"parent":0,"menu_order":0,"comment_status":"closed","ping_status":"closed","template":"","meta":{"footnotes":""},"class_list":["post-67","page","type-page","status-publish","hentry","entry"],"yoast_head":"<!-- This site is optimized with the Yoast SEO plugin v27.4 - https:\/\/yoast.com\/product\/yoast-seo-wordpress\/ -->\n<title>R\u00e9alisations \/ Des Lieux Qui Soutiennent La vraie Vie - Design clair et obscur<\/title>\n<meta name=\"description\" content=\"Que ce soit pour votre Airbnb ou votre maison, soyez inspir\u00e9 par nos int\u00e9rieurs \u00e9coresponsables, minimalistes et inspir\u00e9 du simple living.\" \/>\n<meta name=\"robots\" content=\"index, follow, max-snippet:-1, max-image-preview:large, max-video-preview:-1\" \/>\n<link rel=\"canonical\" href=\"https:\/\/clairobscurdesign.com\/fr\/realisations\/\" \/>\n<meta property=\"og:locale\" content=\"en_US\" \/>\n<meta property=\"og:type\" content=\"article\" \/>\n<meta property=\"og:title\" content=\"R\u00e9alisations \/ Des Lieux Qui Soutiennent La vraie Vie - Design clair et obscur\" \/>\n<meta property=\"og:description\" content=\"Que ce soit pour votre Airbnb ou votre maison, soyez inspir\u00e9 par nos int\u00e9rieurs \u00e9coresponsables, minimalistes et inspir\u00e9 du simple living.\" \/>\n<meta property=\"og:url\" content=\"https:\/\/clairobscurdesign.com\/fr\/realisations\/\" \/>\n<meta property=\"og:site_name\" content=\"Design clair et obscur\" \/>\n<meta property=\"article:publisher\" content=\"https:\/\/www.facebook.com\/clairobscurdesign\/\" \/>\n<meta property=\"article:modified_time\" content=\"2025-09-05T00:42:33+00:00\" \/>\n<meta property=\"og:image\" content=\"https:\/\/clairobscurdesign.com\/fr\/wp-content\/uploads\/2025\/08\/Clair-Obscur-Design-Modern-kitchen-with-central-island-for-cooking-1.png\" \/>\n<meta name=\"twitter:card\" content=\"summary_large_image\" \/>\n<meta name=\"twitter:label1\" content=\"Est. reading time\" \/>\n\t<meta name=\"twitter:data1\" content=\"1 minute\" \/>\n<script type=\"application\/ld+json\" class=\"yoast-schema-graph\">{\"@context\":\"https:\\\/\\\/schema.org\",\"@graph\":[{\"@type\":\"WebPage\",\"@id\":\"https:\\\/\\\/clairobscurdesign.com\\\/fr\\\/realisations\\\/\",\"url\":\"https:\\\/\\\/clairobscurdesign.com\\\/fr\\\/realisations\\\/\",\"name\":\"R\u00e9alisations \\\/ Des Lieux Qui Soutiennent La vraie Vie - Design clair et obscur\",\"isPartOf\":{\"@id\":\"https:\\\/\\\/clairobscurdesign.com\\\/fr\\\/#website\"},\"primaryImageOfPage\":{\"@id\":\"https:\\\/\\\/clairobscurdesign.com\\\/fr\\\/realisations\\\/#primaryimage\"},\"image\":{\"@id\":\"https:\\\/\\\/clairobscurdesign.com\\\/fr\\\/realisations\\\/#primaryimage\"},\"thumbnailUrl\":\"https:\\\/\\\/clairobscurdesign.com\\\/fr\\\/wp-content\\\/uploads\\\/2025\\\/08\\\/Clair-Obscur-Design-Modern-kitchen-with-central-island-for-cooking-1.png\",\"datePublished\":\"2023-04-27T19:10:07+00:00\",\"dateModified\":\"2025-09-05T00:42:33+00:00\",\"description\":\"Que ce soit pour votre Airbnb ou votre maison, soyez inspir\u00e9 par nos int\u00e9rieurs \u00e9coresponsables, minimalistes et inspir\u00e9 du simple living.\",\"breadcrumb\":{\"@id\":\"https:\\\/\\\/clairobscurdesign.com\\\/fr\\\/realisations\\\/#breadcrumb\"},\"inLanguage\":\"en-US\",\"potentialAction\":[{\"@type\":\"ReadAction\",\"target\":[\"https:\\\/\\\/clairobscurdesign.com\\\/fr\\\/realisations\\\/\"]}]},{\"@type\":\"ImageObject\",\"inLanguage\":\"en-US\",\"@id\":\"https:\\\/\\\/clairobscurdesign.com\\\/fr\\\/realisations\\\/#primaryimage\",\"url\":\"https:\\\/\\\/clairobscurdesign.com\\\/fr\\\/wp-content\\\/uploads\\\/2025\\\/08\\\/Clair-Obscur-Design-Modern-kitchen-with-central-island-for-cooking-1.png\",\"contentUrl\":\"https:\\\/\\\/clairobscurdesign.com\\\/fr\\\/wp-content\\\/uploads\\\/2025\\\/08\\\/Clair-Obscur-Design-Modern-kitchen-with-central-island-for-cooking-1.png\",\"width\":1200,\"height\":675,\"caption\":\"Clair Obscur Design, designer d'int\u00e9rieur virtuel, design int\u00e9rieur Canada, organisation maison, d\u00e9coration Airbnb, Cuisine contemporaine avec armoires blanches unies, \u00eelot central en bois naturel, table int\u00e9gr\u00e9e, rangement optimis\u00e9, d\u00e9sencombrement, style minimaliste, \u00e9co-conscient, mat\u00e9riaux durables, design moderne.\"},{\"@type\":\"BreadcrumbList\",\"@id\":\"https:\\\/\\\/clairobscurdesign.com\\\/fr\\\/realisations\\\/#breadcrumb\",\"itemListElement\":[{\"@type\":\"ListItem\",\"position\":1,\"name\":\"Home\",\"item\":\"https:\\\/\\\/clairobscurdesign.com\\\/fr\\\/\"},{\"@type\":\"ListItem\",\"position\":2,\"name\":\"R\u00e9alisations\"}]},{\"@type\":\"WebSite\",\"@id\":\"https:\\\/\\\/clairobscurdesign.com\\\/fr\\\/#website\",\"url\":\"https:\\\/\\\/clairobscurdesign.com\\\/fr\\\/\",\"name\":\"Design clair et obscur\",\"description\":\"clairobscurdesign\",\"publisher\":{\"@id\":\"https:\\\/\\\/clairobscurdesign.com\\\/fr\\\/#organization\"},\"potentialAction\":[{\"@type\":\"SearchAction\",\"target\":{\"@type\":\"EntryPoint\",\"urlTemplate\":\"https:\\\/\\\/clairobscurdesign.com\\\/fr\\\/?s={search_term_string}\"},\"query-input\":{\"@type\":\"PropertyValueSpecification\",\"valueRequired\":true,\"valueName\":\"search_term_string\"}}],\"inLanguage\":\"en-US\"},{\"@type\":\"Organization\",\"@id\":\"https:\\\/\\\/clairobscurdesign.com\\\/fr\\\/#organization\",\"name\":\"Design clair et obscur\",\"url\":\"https:\\\/\\\/clairobscurdesign.com\\\/fr\\\/\",\"logo\":{\"@type\":\"ImageObject\",\"inLanguage\":\"en-US\",\"@id\":\"https:\\\/\\\/clairobscurdesign.com\\\/fr\\\/#\\\/schema\\\/logo\\\/image\\\/\",\"url\":\"https:\\\/\\\/clairobscurdesign.com\\\/fr\\\/\\\/wp-content\\\/uploads\\\/2024\\\/03\\\/logo.png\",\"contentUrl\":\"https:\\\/\\\/clairobscurdesign.com\\\/fr\\\/\\\/wp-content\\\/uploads\\\/2024\\\/03\\\/logo.png\",\"width\":280,\"height\":77,\"caption\":\"Design clair et obscur\"},\"image\":{\"@id\":\"https:\\\/\\\/clairobscurdesign.com\\\/fr\\\/#\\\/schema\\\/logo\\\/image\\\/\"},\"sameAs\":[\"https:\\\/\\\/www.facebook.com\\\/clairobscurdesign\\\/\",\"https:\\\/\\\/ca.pinterest.com\\\/clairobscurdesign\\\/\"]}]}<\/script>\n<!-- \/ Yoast SEO plugin. -->","yoast_head_json":{"title":"R\u00e9alisations \/ Des Lieux Qui Soutiennent La vraie Vie - Design clair et obscur","description":"Que ce soit pour votre Airbnb ou votre maison, soyez inspir\u00e9 par nos int\u00e9rieurs \u00e9coresponsables, minimalistes et inspir\u00e9 du simple living.","robots":{"index":"index","follow":"follow","max-snippet":"max-snippet:-1","max-image-preview":"max-image-preview:large","max-video-preview":"max-video-preview:-1"},"canonical":"https:\/\/clairobscurdesign.com\/fr\/realisations\/","og_locale":"en_US","og_type":"article","og_title":"R\u00e9alisations \/ Des Lieux Qui Soutiennent La vraie Vie - Design clair et obscur","og_description":"Que ce soit pour votre Airbnb ou votre maison, soyez inspir\u00e9 par nos int\u00e9rieurs \u00e9coresponsables, minimalistes et inspir\u00e9 du simple living.","og_url":"https:\/\/clairobscurdesign.com\/fr\/realisations\/","og_site_name":"Design clair et obscur","article_publisher":"https:\/\/www.facebook.com\/clairobscurdesign\/","article_modified_time":"2025-09-05T00:42:33+00:00","og_image":[{"url":"https:\/\/clairobscurdesign.com\/fr\/wp-content\/uploads\/2025\/08\/Clair-Obscur-Design-Modern-kitchen-with-central-island-for-cooking-1.png","type":"","width":"","height":""}],"twitter_card":"summary_large_image","twitter_misc":{"Est. reading time":"1 minute"},"schema":{"@context":"https:\/\/schema.org","@graph":[{"@type":"WebPage","@id":"https:\/\/clairobscurdesign.com\/fr\/realisations\/","url":"https:\/\/clairobscurdesign.com\/fr\/realisations\/","name":"R\u00e9alisations \/ Des Lieux Qui Soutiennent La vraie Vie - Design clair et obscur","isPartOf":{"@id":"https:\/\/clairobscurdesign.com\/fr\/#website"},"primaryImageOfPage":{"@id":"https:\/\/clairobscurdesign.com\/fr\/realisations\/#primaryimage"},"image":{"@id":"https:\/\/clairobscurdesign.com\/fr\/realisations\/#primaryimage"},"thumbnailUrl":"https:\/\/clairobscurdesign.com\/fr\/wp-content\/uploads\/2025\/08\/Clair-Obscur-Design-Modern-kitchen-with-central-island-for-cooking-1.png","datePublished":"2023-04-27T19:10:07+00:00","dateModified":"2025-09-05T00:42:33+00:00","description":"Que ce soit pour votre Airbnb ou votre maison, soyez inspir\u00e9 par nos int\u00e9rieurs \u00e9coresponsables, minimalistes et inspir\u00e9 du simple living.","breadcrumb":{"@id":"https:\/\/clairobscurdesign.com\/fr\/realisations\/#breadcrumb"},"inLanguage":"en-US","potentialAction":[{"@type":"ReadAction","target":["https:\/\/clairobscurdesign.com\/fr\/realisations\/"]}]},{"@type":"ImageObject","inLanguage":"en-US","@id":"https:\/\/clairobscurdesign.com\/fr\/realisations\/#primaryimage","url":"https:\/\/clairobscurdesign.com\/fr\/wp-content\/uploads\/2025\/08\/Clair-Obscur-Design-Modern-kitchen-with-central-island-for-cooking-1.png","contentUrl":"https:\/\/clairobscurdesign.com\/fr\/wp-content\/uploads\/2025\/08\/Clair-Obscur-Design-Modern-kitchen-with-central-island-for-cooking-1.png","width":1200,"height":675,"caption":"Clair Obscur Design, designer d'int\u00e9rieur virtuel, design int\u00e9rieur Canada, organisation maison, d\u00e9coration Airbnb, Cuisine contemporaine avec armoires blanches unies, \u00eelot central en bois naturel, table int\u00e9gr\u00e9e, rangement optimis\u00e9, d\u00e9sencombrement, style minimaliste, \u00e9co-conscient, mat\u00e9riaux durables, design moderne."},{"@type":"BreadcrumbList","@id":"https:\/\/clairobscurdesign.com\/fr\/realisations\/#breadcrumb","itemListElement":[{"@type":"ListItem","position":1,"name":"Home","item":"https:\/\/clairobscurdesign.com\/fr\/"},{"@type":"ListItem","position":2,"name":"R\u00e9alisations"}]},{"@type":"WebSite","@id":"https:\/\/clairobscurdesign.com\/fr\/#website","url":"https:\/\/clairobscurdesign.com\/fr\/","name":"Design clair et obscur","description":"clairobscurdesign","publisher":{"@id":"https:\/\/clairobscurdesign.com\/fr\/#organization"},"potentialAction":[{"@type":"SearchAction","target":{"@type":"EntryPoint","urlTemplate":"https:\/\/clairobscurdesign.com\/fr\/?s={search_term_string}"},"query-input":{"@type":"PropertyValueSpecification","valueRequired":true,"valueName":"search_term_string"}}],"inLanguage":"en-US"},{"@type":"Organization","@id":"https:\/\/clairobscurdesign.com\/fr\/#organization","name":"Design clair et obscur","url":"https:\/\/clairobscurdesign.com\/fr\/","logo":{"@type":"ImageObject","inLanguage":"en-US","@id":"https:\/\/clairobscurdesign.com\/fr\/#\/schema\/logo\/image\/","url":"https:\/\/clairobscurdesign.com\/fr\/\/wp-content\/uploads\/2024\/03\/logo.png","contentUrl":"https:\/\/clairobscurdesign.com\/fr\/\/wp-content\/uploads\/2024\/03\/logo.png","width":280,"height":77,"caption":"Design clair et obscur"},"image":{"@id":"https:\/\/clairobscurdesign.com\/fr\/#\/schema\/logo\/image\/"},"sameAs":["https:\/\/www.facebook.com\/clairobscurdesign\/","https:\/\/ca.pinterest.com\/clairobscurdesign\/"]}]}},"_links":{"self":[{"href":"https:\/\/clairobscurdesign.com\/fr\/wp-json\/wp\/v2\/pages\/67","targetHints":{"allow":["GET"]}}],"collection":[{"href":"https:\/\/clairobscurdesign.com\/fr\/wp-json\/wp\/v2\/pages"}],"about":[{"href":"https:\/\/clairobscurdesign.com\/fr\/wp-json\/wp\/v2\/types\/page"}],"author":[{"embeddable":true,"href":"https:\/\/clairobscurdesign.com\/fr\/wp-json\/wp\/v2\/users\/4"}],"replies":[{"embeddable":true,"href":"https:\/\/clairobscurdesign.com\/fr\/wp-json\/wp\/v2\/comments?post=67"}],"version-history":[{"count":152,"href":"https:\/\/clairobscurdesign.com\/fr\/wp-json\/wp\/v2\/pages\/67\/revisions"}],"predecessor-version":[{"id":6341,"href":"https:\/\/clairobscurdesign.com\/fr\/wp-json\/wp\/v2\/pages\/67\/revisions\/6341"}],"wp:attachment":[{"href":"https:\/\/clairobscurdesign.com\/fr\/wp-json\/wp\/v2\/media?parent=67"}],"curies":[{"name":"wp","href":"https:\/\/api.w.org\/{rel}","templated":true}]}}